{"id":106318,"date":"2025-03-04T13:17:21","date_gmt":"2025-03-04T13:17:21","guid":{"rendered":"https:\/\/professionals.homediq.com\/?post_type=product&#038;p=106318"},"modified":"2025-03-21T17:18:55","modified_gmt":"2025-03-21T17:18:55","slug":"cholesterin-test-copy","status":"publish","type":"product","link":"https:\/\/professionals.homediq.com\/de\/Produkt\/cholesterin-test-copy\/","title":{"rendered":"Umfassender Allergietest"},"content":{"rendered":"","protected":false},"excerpt":{"rendered":"<p>Leiden Sie unter Symptomen wie Niesen, brennende Augen, Atembeschwerden, Hautauschlag, \u00dcbelkeit, Erbrechen oder Durchfall? Hierbei k\u00f6nnte es sich um allergische Reaktionen handeln. Testen Sie Ihre Blutprobe mit unserem Allergietest auf ein sehr umfassendes Panel an Allergenen. Das Testpanel enth\u00e4lt 295 Allergene f\u00fcr ein pr\u00e4zises Bild Ihrer Sensibilisierungen inklusive m\u00f6glicher Kreuzreaktionen.<\/p>\n","protected":false},"featured_media":106322,"comment_status":"open","ping_status":"closed","template":"","meta":{"_acf_changed":false},"product_brand":[],"product_cat":[53],"product_tag":[],"class_list":{"0":"post-106318","1":"product","2":"type-product","3":"status-publish","4":"has-post-thumbnail","6":"product_cat-general-health-tests-de","8":"first","9":"instock","10":"taxable","11":"shipping-taxable","12":"purchasable","13":"product-type-simple"},"group_of_quantity":0,"min_quantity":10,"max_quantity":"","exclude_order_quantity_value_rules":"no","exclude_category_quantity_rules":"no","combine_variations":"no","acf":[],"_links":{"self":[{"href":"https:\/\/professionals.homediq.com\/de\/wp-json\/wp\/v2\/product\/106318","targetHints":{"allow":["GET"]}}],"collection":[{"href":"https:\/\/professionals.homediq.com\/de\/wp-json\/wp\/v2\/product"}],"about":[{"href":"https:\/\/professionals.homediq.com\/de\/wp-json\/wp\/v2\/types\/product"}],"replies":[{"embeddable":true,"href":"https:\/\/professionals.homediq.com\/de\/wp-json\/wp\/v2\/comments?post=106318"}],"wp:featuredmedia":[{"embeddable":true,"href":"https:\/\/professionals.homediq.com\/de\/wp-json\/wp\/v2\/media\/106322"}],"wp:attachment":[{"href":"https:\/\/professionals.homediq.com\/de\/wp-json\/wp\/v2\/media?parent=106318"}],"wp:term":[{"taxonomy":"product_brand","embeddable":true,"href":"https:\/\/professionals.homediq.com\/de\/wp-json\/wp\/v2\/product_brand?post=106318"},{"taxonomy":"product_cat","embeddable":true,"href":"https:\/\/professionals.homediq.com\/de\/wp-json\/wp\/v2\/product_cat?post=106318"},{"taxonomy":"product_tag","embeddable":true,"href":"https:\/\/professionals.homediq.com\/de\/wp-json\/wp\/v2\/product_tag?post=106318"}],"curies":[{"name":"wp","href":"https:\/\/api.w.org\/{rel}","templated":true}]}}