{"id":106306,"date":"2025-02-25T10:58:38","date_gmt":"2025-02-25T10:58:38","guid":{"rendered":"https:\/\/professionals.homediq.com\/?post_type=product&#038;p=106306"},"modified":"2025-03-21T17:22:21","modified_gmt":"2025-03-21T17:22:21","slug":"umfassender-schilddrusen-test-copy","status":"publish","type":"product","link":"https:\/\/professionals.homediq.com\/de\/Produkt\/umfassender-schilddrusen-test-copy\/","title":{"rendered":"Ovarieller Reservetest"},"content":{"rendered":"","protected":false},"excerpt":{"rendered":"<p>Das Anti-Mullerian-Hormon (AMH) ist ein Indikator f\u00fcr die Anzahl der f\u00fcr eine Befruchtung verf\u00fcgbaren Eizellen in den Eierst\u00f6cken, auch bekannt als Eierstockreserve. Das hei\u00dft, es bestimmt die Quantit\u00e4t der Eizellen in den Eierst\u00f6cken.<\/p>\n","protected":false},"featured_media":106310,"comment_status":"open","ping_status":"closed","template":"","meta":{"_acf_changed":false},"product_brand":[],"product_cat":[53],"product_tag":[],"class_list":{"0":"post-106306","1":"product","2":"type-product","3":"status-publish","4":"has-post-thumbnail","6":"product_cat-general-health-tests-de","8":"first","9":"instock","10":"taxable","11":"shipping-taxable","12":"purchasable","13":"product-type-simple"},"group_of_quantity":0,"min_quantity":10,"max_quantity":"","exclude_order_quantity_value_rules":"no","exclude_category_quantity_rules":"no","combine_variations":"no","acf":[],"_links":{"self":[{"href":"https:\/\/professionals.homediq.com\/de\/wp-json\/wp\/v2\/product\/106306","targetHints":{"allow":["GET"]}}],"collection":[{"href":"https:\/\/professionals.homediq.com\/de\/wp-json\/wp\/v2\/product"}],"about":[{"href":"https:\/\/professionals.homediq.com\/de\/wp-json\/wp\/v2\/types\/product"}],"replies":[{"embeddable":true,"href":"https:\/\/professionals.homediq.com\/de\/wp-json\/wp\/v2\/comments?post=106306"}],"wp:featuredmedia":[{"embeddable":true,"href":"https:\/\/professionals.homediq.com\/de\/wp-json\/wp\/v2\/media\/106310"}],"wp:attachment":[{"href":"https:\/\/professionals.homediq.com\/de\/wp-json\/wp\/v2\/media?parent=106306"}],"wp:term":[{"taxonomy":"product_brand","embeddable":true,"href":"https:\/\/professionals.homediq.com\/de\/wp-json\/wp\/v2\/product_brand?post=106306"},{"taxonomy":"product_cat","embeddable":true,"href":"https:\/\/professionals.homediq.com\/de\/wp-json\/wp\/v2\/product_cat?post=106306"},{"taxonomy":"product_tag","embeddable":true,"href":"https:\/\/professionals.homediq.com\/de\/wp-json\/wp\/v2\/product_tag?post=106306"}],"curies":[{"name":"wp","href":"https:\/\/api.w.org\/{rel}","templated":true}]}}