{"id":106124,"date":"2024-10-18T11:18:32","date_gmt":"2024-10-18T11:18:32","guid":{"rendered":"https:\/\/professionals.homediq.com\/?post_type=product&#038;p=106124"},"modified":"2025-04-23T09:12:33","modified_gmt":"2025-04-23T09:12:33","slug":"magnesium-test","status":"publish","type":"product","link":"https:\/\/professionals.homediq.com\/de\/Produkt\/magnesium-test\/","title":{"rendered":"Magnesium-Test"},"content":{"rendered":"","protected":false},"excerpt":{"rendered":"<p>Als eines der am h\u00e4ufigsten vorkommenden Mineralien im menschlichen K\u00f6rper spielt Magnesium eine entscheidende Rolle f\u00fcr die normale Funktion von Zellen, Nerven, Muskeln, Knochen und des Herzens. Ein zu hoher oder zu niedriger Magnesiumspiegel kann zu einer Reihe von Gesundheitsproblemen, unangenehmen Symptomen und negativen Auswirkungen auf Ihr t\u00e4gliches Leben f\u00fchren. Mit diesem Bluttest k\u00f6nnen Sie den Magnesiumgehalt in Ihrem Blut unkompliziert von zu Hause aus bestimmen.<\/p>\n","protected":false},"featured_media":106216,"comment_status":"open","ping_status":"closed","template":"","meta":{"_acf_changed":false},"product_brand":[],"product_cat":[56,51],"product_tag":[],"class_list":{"0":"post-106124","1":"product","2":"type-product","3":"status-publish","4":"has-post-thumbnail","6":"product_cat-sports-wellness-tests-de","7":"product_cat-sport-health-tests-de","9":"first","10":"instock","11":"taxable","12":"shipping-taxable","13":"purchasable","14":"product-type-simple"},"group_of_quantity":0,"min_quantity":10,"max_quantity":"","exclude_order_quantity_value_rules":"no","exclude_category_quantity_rules":"no","combine_variations":"no","acf":[],"_links":{"self":[{"href":"https:\/\/professionals.homediq.com\/de\/wp-json\/wp\/v2\/product\/106124","targetHints":{"allow":["GET"]}}],"collection":[{"href":"https:\/\/professionals.homediq.com\/de\/wp-json\/wp\/v2\/product"}],"about":[{"href":"https:\/\/professionals.homediq.com\/de\/wp-json\/wp\/v2\/types\/product"}],"replies":[{"embeddable":true,"href":"https:\/\/professionals.homediq.com\/de\/wp-json\/wp\/v2\/comments?post=106124"}],"wp:featuredmedia":[{"embeddable":true,"href":"https:\/\/professionals.homediq.com\/de\/wp-json\/wp\/v2\/media\/106216"}],"wp:attachment":[{"href":"https:\/\/professionals.homediq.com\/de\/wp-json\/wp\/v2\/media?parent=106124"}],"wp:term":[{"taxonomy":"product_brand","embeddable":true,"href":"https:\/\/professionals.homediq.com\/de\/wp-json\/wp\/v2\/product_brand?post=106124"},{"taxonomy":"product_cat","embeddable":true,"href":"https:\/\/professionals.homediq.com\/de\/wp-json\/wp\/v2\/product_cat?post=106124"},{"taxonomy":"product_tag","embeddable":true,"href":"https:\/\/professionals.homediq.com\/de\/wp-json\/wp\/v2\/product_tag?post=106124"}],"curies":[{"name":"wp","href":"https:\/\/api.w.org\/{rel}","templated":true}]}}