{"id":105906,"date":"2024-07-24T10:52:50","date_gmt":"2024-07-24T10:52:50","guid":{"rendered":"https:\/\/professionals.homediq.com\/?post_type=product&#038;p=105906"},"modified":"2025-03-21T17:20:25","modified_gmt":"2025-03-21T17:20:25","slug":"hiv-test-copy","status":"publish","type":"product","link":"https:\/\/professionals.homediq.com\/de\/Produkt\/hiv-test-copy\/","title":{"rendered":"Fols\u00e4ure-Test"},"content":{"rendered":"","protected":false},"excerpt":{"rendered":"<p>Fols\u00e4ure, auch bekannt als Vitamin B9, ist ein wasserl\u00f6sliches B-Vitamin, das eine grundlegende Rolle in vielen wichtigen K\u00f6rperfunktionen spielt. Fols\u00e4ure ist entscheidend f\u00fcr die DNA-Synthese, die Zellteilung und die Produktion roter Blutk\u00f6rperchen. Fols\u00e4ure ist vor allem in Zeiten schnellen Wachstums und schneller Entwicklung, wie etwa in der Schwangerschaft, lebenswichtig. Eine ausreichende Zufuhr von Fols\u00e4ure ist f\u00fcr die Erhaltung der allgemeinen Gesundheit und zur Vorbeugung bestimmter Geburtsfehler unerl\u00e4sslich. Mit diesem Bluttest k\u00f6nnen Sie den Fols\u00e4urespiegel in Ihrem Blut zuhause bestimmen.<\/p>\n","protected":false},"featured_media":106219,"comment_status":"open","ping_status":"closed","template":"","meta":{"_acf_changed":false},"product_brand":[],"product_cat":[53],"product_tag":[],"class_list":{"0":"post-105906","1":"product","2":"type-product","3":"status-publish","4":"has-post-thumbnail","6":"product_cat-general-health-tests-de","8":"first","9":"instock","10":"taxable","11":"shipping-taxable","12":"purchasable","13":"product-type-simple"},"group_of_quantity":0,"min_quantity":10,"max_quantity":"","exclude_order_quantity_value_rules":"no","exclude_category_quantity_rules":"no","combine_variations":"no","acf":[],"_links":{"self":[{"href":"https:\/\/professionals.homediq.com\/de\/wp-json\/wp\/v2\/product\/105906","targetHints":{"allow":["GET"]}}],"collection":[{"href":"https:\/\/professionals.homediq.com\/de\/wp-json\/wp\/v2\/product"}],"about":[{"href":"https:\/\/professionals.homediq.com\/de\/wp-json\/wp\/v2\/types\/product"}],"replies":[{"embeddable":true,"href":"https:\/\/professionals.homediq.com\/de\/wp-json\/wp\/v2\/comments?post=105906"}],"wp:featuredmedia":[{"embeddable":true,"href":"https:\/\/professionals.homediq.com\/de\/wp-json\/wp\/v2\/media\/106219"}],"wp:attachment":[{"href":"https:\/\/professionals.homediq.com\/de\/wp-json\/wp\/v2\/media?parent=105906"}],"wp:term":[{"taxonomy":"product_brand","embeddable":true,"href":"https:\/\/professionals.homediq.com\/de\/wp-json\/wp\/v2\/product_brand?post=105906"},{"taxonomy":"product_cat","embeddable":true,"href":"https:\/\/professionals.homediq.com\/de\/wp-json\/wp\/v2\/product_cat?post=105906"},{"taxonomy":"product_tag","embeddable":true,"href":"https:\/\/professionals.homediq.com\/de\/wp-json\/wp\/v2\/product_tag?post=105906"}],"curies":[{"name":"wp","href":"https:\/\/api.w.org\/{rel}","templated":true}]}}