{"id":105895,"date":"2024-07-23T12:24:58","date_gmt":"2024-07-23T12:24:58","guid":{"rendered":"https:\/\/professionals.homediq.com\/?post_type=product&#038;p=105895"},"modified":"2024-09-17T12:58:36","modified_gmt":"2024-09-17T12:58:36","slug":"syphilis-test-copy","status":"publish","type":"product","link":"https:\/\/professionals.homediq.com\/de\/Produkt\/syphilis-test-copy\/","title":{"rendered":"HIV-Test"},"content":{"rendered":"","protected":false},"excerpt":{"rendered":"<p>Erhalten Sie eine z\u00fcgige, zuverl\u00e4ssige Diagnose von zu Hause aus. Dieser Labortest der vierten Generation erfasst sowohl HIV-Antik\u00f6rper als auch das p24-Antigen und erm\u00f6glicht so eine fr\u00fchere Diagnose als bei HIV-Schnelltests. Schicken Sie einfach Ihre Blutprobe an unser Partnerlabor um innerhalb weniger Tage zertifizierte Testergebnisse zu erhalten.<\/p>\n","protected":false},"featured_media":106166,"comment_status":"open","ping_status":"closed","template":"","meta":{"_acf_changed":false},"product_brand":[],"product_cat":[54],"product_tag":[],"class_list":{"0":"post-105895","1":"product","2":"type-product","3":"status-publish","4":"has-post-thumbnail","6":"product_cat-sexual-health-tests-de","8":"first","9":"instock","10":"taxable","11":"shipping-taxable","12":"purchasable","13":"product-type-simple"},"group_of_quantity":0,"min_quantity":10,"max_quantity":"","exclude_order_quantity_value_rules":"no","exclude_category_quantity_rules":"no","combine_variations":"no","acf":[],"_links":{"self":[{"href":"https:\/\/professionals.homediq.com\/de\/wp-json\/wp\/v2\/product\/105895","targetHints":{"allow":["GET"]}}],"collection":[{"href":"https:\/\/professionals.homediq.com\/de\/wp-json\/wp\/v2\/product"}],"about":[{"href":"https:\/\/professionals.homediq.com\/de\/wp-json\/wp\/v2\/types\/product"}],"replies":[{"embeddable":true,"href":"https:\/\/professionals.homediq.com\/de\/wp-json\/wp\/v2\/comments?post=105895"}],"wp:featuredmedia":[{"embeddable":true,"href":"https:\/\/professionals.homediq.com\/de\/wp-json\/wp\/v2\/media\/106166"}],"wp:attachment":[{"href":"https:\/\/professionals.homediq.com\/de\/wp-json\/wp\/v2\/media?parent=105895"}],"wp:term":[{"taxonomy":"product_brand","embeddable":true,"href":"https:\/\/professionals.homediq.com\/de\/wp-json\/wp\/v2\/product_brand?post=105895"},{"taxonomy":"product_cat","embeddable":true,"href":"https:\/\/professionals.homediq.com\/de\/wp-json\/wp\/v2\/product_cat?post=105895"},{"taxonomy":"product_tag","embeddable":true,"href":"https:\/\/professionals.homediq.com\/de\/wp-json\/wp\/v2\/product_tag?post=105895"}],"curies":[{"name":"wp","href":"https:\/\/api.w.org\/{rel}","templated":true}]}}