{"id":105880,"date":"2024-07-23T11:11:49","date_gmt":"2024-07-23T11:11:49","guid":{"rendered":"https:\/\/professionals.homediq.com\/?post_type=product&#038;p=105880"},"modified":"2025-03-21T17:19:07","modified_gmt":"2025-03-21T17:19:07","slug":"gewichtsmanagement-test-copy","status":"publish","type":"product","link":"https:\/\/professionals.homediq.com\/de\/Produkt\/gewichtsmanagement-test-copy\/","title":{"rendered":"Inhalations-Allergietest"},"content":{"rendered":"","protected":false},"excerpt":{"rendered":"<p>Leiden Sie unter Symptomen wie Niesen, tr\u00e4nenden Augen oder juckender Haut und sind sich unsicher \u00fcber die Ursache? Erfahren Sie mehr \u00fcber Ihre Reaktivit\u00e4t auf g\u00e4ngige Inhalationsallergene, die diese Symptome ausl\u00f6sen k\u00f6nnten, einschlie\u00dflich Gr\u00e4ser, B\u00e4ume, Schimmel, Staub und Tierallergene. Die Identifizierung spezifischer Allergene kann Ihnen dabei helfen, Ihre Exposition zu reduzieren und langfristige Symptome zu lindern.<\/p>\n","protected":false},"featured_media":106228,"comment_status":"open","ping_status":"closed","template":"","meta":{"_acf_changed":false},"product_brand":[],"product_cat":[51],"product_tag":[],"class_list":{"0":"post-105880","1":"product","2":"type-product","3":"status-publish","4":"has-post-thumbnail","6":"product_cat-sport-health-tests-de","8":"first","9":"instock","10":"taxable","11":"shipping-taxable","12":"purchasable","13":"product-type-simple"},"group_of_quantity":0,"min_quantity":10,"max_quantity":"","exclude_order_quantity_value_rules":"no","exclude_category_quantity_rules":"no","combine_variations":"no","acf":[],"_links":{"self":[{"href":"https:\/\/professionals.homediq.com\/de\/wp-json\/wp\/v2\/product\/105880","targetHints":{"allow":["GET"]}}],"collection":[{"href":"https:\/\/professionals.homediq.com\/de\/wp-json\/wp\/v2\/product"}],"about":[{"href":"https:\/\/professionals.homediq.com\/de\/wp-json\/wp\/v2\/types\/product"}],"replies":[{"embeddable":true,"href":"https:\/\/professionals.homediq.com\/de\/wp-json\/wp\/v2\/comments?post=105880"}],"wp:featuredmedia":[{"embeddable":true,"href":"https:\/\/professionals.homediq.com\/de\/wp-json\/wp\/v2\/media\/106228"}],"wp:attachment":[{"href":"https:\/\/professionals.homediq.com\/de\/wp-json\/wp\/v2\/media?parent=105880"}],"wp:term":[{"taxonomy":"product_brand","embeddable":true,"href":"https:\/\/professionals.homediq.com\/de\/wp-json\/wp\/v2\/product_brand?post=105880"},{"taxonomy":"product_cat","embeddable":true,"href":"https:\/\/professionals.homediq.com\/de\/wp-json\/wp\/v2\/product_cat?post=105880"},{"taxonomy":"product_tag","embeddable":true,"href":"https:\/\/professionals.homediq.com\/de\/wp-json\/wp\/v2\/product_tag?post=105880"}],"curies":[{"name":"wp","href":"https:\/\/api.w.org\/{rel}","templated":true}]}}