{"id":105866,"date":"2024-07-23T10:40:05","date_gmt":"2024-07-23T10:40:05","guid":{"rendered":"https:\/\/professionals.homediq.com\/?post_type=product&#038;p=105866"},"modified":"2025-03-21T17:22:33","modified_gmt":"2025-03-21T17:22:33","slug":"leber-nierenfunktionstest-copy","status":"publish","type":"product","link":"https:\/\/professionals.homediq.com\/de\/Produkt\/leber-nierenfunktionstest-copy\/","title":{"rendered":"Test auf Nierensch\u00e4den"},"content":{"rendered":"","protected":false},"excerpt":{"rendered":"<p class=\"p1\">Einer von zehn Menschen weltweit wird im Laufe seines Lebens eine chronische Nierenerkrankung entwickeln. Die meisten Menschen wissen jedoch nicht, dass sie daran leiden, bis ihre Nierenfunktion erheblich beeintr\u00e4chtigt ist. Dieser Test misst die Menge an Albumin im Urin, der h\u00e4ufigsten Proteinart im Blut. Wenn die Nieren gesch\u00e4digt oder erkrankt sind, kann Albumin in den Urin \u201centweichen\u201d. Mit diesem einfachen Heimtest k\u00f6nnen Sie Ihre Nierengesundheit \u00fcberwachen und m\u00f6gliche Krankheiten fr\u00fchzeitig erkennen.<\/p>\n<p>&nbsp;<\/p>\n","protected":false},"featured_media":106204,"comment_status":"open","ping_status":"closed","template":"","meta":{"_acf_changed":false},"product_brand":[],"product_cat":[53],"product_tag":[],"class_list":{"0":"post-105866","1":"product","2":"type-product","3":"status-publish","4":"has-post-thumbnail","6":"product_cat-general-health-tests-de","8":"first","9":"instock","10":"taxable","11":"shipping-taxable","12":"purchasable","13":"product-type-simple"},"group_of_quantity":0,"min_quantity":10,"max_quantity":"","exclude_order_quantity_value_rules":"no","exclude_category_quantity_rules":"no","combine_variations":"no","acf":[],"_links":{"self":[{"href":"https:\/\/professionals.homediq.com\/de\/wp-json\/wp\/v2\/product\/105866","targetHints":{"allow":["GET"]}}],"collection":[{"href":"https:\/\/professionals.homediq.com\/de\/wp-json\/wp\/v2\/product"}],"about":[{"href":"https:\/\/professionals.homediq.com\/de\/wp-json\/wp\/v2\/types\/product"}],"replies":[{"embeddable":true,"href":"https:\/\/professionals.homediq.com\/de\/wp-json\/wp\/v2\/comments?post=105866"}],"wp:featuredmedia":[{"embeddable":true,"href":"https:\/\/professionals.homediq.com\/de\/wp-json\/wp\/v2\/media\/106204"}],"wp:attachment":[{"href":"https:\/\/professionals.homediq.com\/de\/wp-json\/wp\/v2\/media?parent=105866"}],"wp:term":[{"taxonomy":"product_brand","embeddable":true,"href":"https:\/\/professionals.homediq.com\/de\/wp-json\/wp\/v2\/product_brand?post=105866"},{"taxonomy":"product_cat","embeddable":true,"href":"https:\/\/professionals.homediq.com\/de\/wp-json\/wp\/v2\/product_cat?post=105866"},{"taxonomy":"product_tag","embeddable":true,"href":"https:\/\/professionals.homediq.com\/de\/wp-json\/wp\/v2\/product_tag?post=105866"}],"curies":[{"name":"wp","href":"https:\/\/api.w.org\/{rel}","templated":true}]}}