{"id":105857,"date":"2024-07-23T10:35:55","date_gmt":"2024-07-23T10:35:55","guid":{"rendered":"https:\/\/professionals.homediq.com\/?post_type=product&#038;p=105857"},"modified":"2025-03-21T17:23:25","modified_gmt":"2025-03-21T17:23:25","slug":"sti-test-umfassender-frauen-copy","status":"publish","type":"product","link":"https:\/\/professionals.homediq.com\/de\/Produkt\/sti-test-umfassender-frauen-copy\/","title":{"rendered":"Leber-  Nierenfunktionstest"},"content":{"rendered":"","protected":false},"excerpt":{"rendered":"<p><span data-sheets-value=\"{\" data-sheets-userformat=\"{\">Dieser Test \u00fcberpr\u00fcft mehrere Schl\u00fcsselindikatoren zur Bestimmung der Leber- und Nierenfunktion. Sowohl Leber- als auch Nierensch\u00e4den verursachen nicht immer erkennbare Symptome, bis sie sich in einem fortgeschrittenen Stadium befinden und irreversible Sch\u00e4den entstanden sind. Mit diesem Test k\u00f6nnen Sie die Leber- und Nierenfunktion routinem\u00e4\u00dfig \u00fcberwachen, ohne eine Arztpraxis aufsuchen zu m\u00fcssen. <\/span><\/p>\n","protected":false},"featured_media":106198,"comment_status":"open","ping_status":"closed","template":"","meta":{"_acf_changed":false},"product_brand":[],"product_cat":[54],"product_tag":[],"class_list":{"0":"post-105857","1":"product","2":"type-product","3":"status-publish","4":"has-post-thumbnail","6":"product_cat-sexual-health-tests-de","8":"first","9":"instock","10":"taxable","11":"shipping-taxable","12":"purchasable","13":"product-type-simple"},"group_of_quantity":0,"min_quantity":10,"max_quantity":"","exclude_order_quantity_value_rules":"no","exclude_category_quantity_rules":"no","combine_variations":"no","acf":[],"_links":{"self":[{"href":"https:\/\/professionals.homediq.com\/de\/wp-json\/wp\/v2\/product\/105857","targetHints":{"allow":["GET"]}}],"collection":[{"href":"https:\/\/professionals.homediq.com\/de\/wp-json\/wp\/v2\/product"}],"about":[{"href":"https:\/\/professionals.homediq.com\/de\/wp-json\/wp\/v2\/types\/product"}],"replies":[{"embeddable":true,"href":"https:\/\/professionals.homediq.com\/de\/wp-json\/wp\/v2\/comments?post=105857"}],"wp:featuredmedia":[{"embeddable":true,"href":"https:\/\/professionals.homediq.com\/de\/wp-json\/wp\/v2\/media\/106198"}],"wp:attachment":[{"href":"https:\/\/professionals.homediq.com\/de\/wp-json\/wp\/v2\/media?parent=105857"}],"wp:term":[{"taxonomy":"product_brand","embeddable":true,"href":"https:\/\/professionals.homediq.com\/de\/wp-json\/wp\/v2\/product_brand?post=105857"},{"taxonomy":"product_cat","embeddable":true,"href":"https:\/\/professionals.homediq.com\/de\/wp-json\/wp\/v2\/product_cat?post=105857"},{"taxonomy":"product_tag","embeddable":true,"href":"https:\/\/professionals.homediq.com\/de\/wp-json\/wp\/v2\/product_tag?post=105857"}],"curies":[{"name":"wp","href":"https:\/\/api.w.org\/{rel}","templated":true}]}}