{"id":105854,"date":"2024-07-23T10:33:46","date_gmt":"2024-07-23T10:33:46","guid":{"rendered":"https:\/\/professionals.homediq.com\/?post_type=product&#038;p=105854"},"modified":"2024-09-17T13:03:41","modified_gmt":"2024-09-17T13:03:41","slug":"sti-test-umfassender-manner-copy","status":"publish","type":"product","link":"https:\/\/professionals.homediq.com\/de\/Produkt\/sti-test-umfassender-manner-copy\/","title":{"rendered":"STI-Test Umfassender &#8211; Frauen"},"content":{"rendered":"","protected":false},"excerpt":{"rendered":"<p>Verschaffen Sie sich den bisher umfassendsten \u00dcberblick \u00fcber Ihre sexuelle Gesundheit. Verschaffen Sie sich den bisher umfassendsten \u00dcberblick \u00fcber Ihre sexuelle Gesundheit. Dieser Test pr\u00fcft auf die 8 h\u00e4ufigsten sexuell \u00fcbertragbaren Krankheiten, einschlie\u00dflich HIV, Herpes und Hepatitis B. Sie k\u00f6nnen den Test zu Hause durchf\u00fchren und erhalten innerhalb weniger Werktage ein laborzertifiziertes Testergebnis.<\/p>\n","protected":false},"featured_media":106188,"comment_status":"open","ping_status":"closed","template":"","meta":{"_acf_changed":false},"product_brand":[],"product_cat":[54],"product_tag":[],"class_list":{"0":"post-105854","1":"product","2":"type-product","3":"status-publish","4":"has-post-thumbnail","6":"product_cat-sexual-health-tests-de","8":"first","9":"instock","10":"taxable","11":"shipping-taxable","12":"purchasable","13":"product-type-simple"},"group_of_quantity":0,"min_quantity":10,"max_quantity":"","exclude_order_quantity_value_rules":"no","exclude_category_quantity_rules":"no","combine_variations":"no","acf":[],"_links":{"self":[{"href":"https:\/\/professionals.homediq.com\/de\/wp-json\/wp\/v2\/product\/105854","targetHints":{"allow":["GET"]}}],"collection":[{"href":"https:\/\/professionals.homediq.com\/de\/wp-json\/wp\/v2\/product"}],"about":[{"href":"https:\/\/professionals.homediq.com\/de\/wp-json\/wp\/v2\/types\/product"}],"replies":[{"embeddable":true,"href":"https:\/\/professionals.homediq.com\/de\/wp-json\/wp\/v2\/comments?post=105854"}],"wp:featuredmedia":[{"embeddable":true,"href":"https:\/\/professionals.homediq.com\/de\/wp-json\/wp\/v2\/media\/106188"}],"wp:attachment":[{"href":"https:\/\/professionals.homediq.com\/de\/wp-json\/wp\/v2\/media?parent=105854"}],"wp:term":[{"taxonomy":"product_brand","embeddable":true,"href":"https:\/\/professionals.homediq.com\/de\/wp-json\/wp\/v2\/product_brand?post=105854"},{"taxonomy":"product_cat","embeddable":true,"href":"https:\/\/professionals.homediq.com\/de\/wp-json\/wp\/v2\/product_cat?post=105854"},{"taxonomy":"product_tag","embeddable":true,"href":"https:\/\/professionals.homediq.com\/de\/wp-json\/wp\/v2\/product_tag?post=105854"}],"curies":[{"name":"wp","href":"https:\/\/api.w.org\/{rel}","templated":true}]}}