{"id":105845,"date":"2024-07-23T10:24:40","date_gmt":"2024-07-23T10:24:40","guid":{"rendered":"https:\/\/professionals.homediq.com\/?post_type=product&#038;p=105845"},"modified":"2024-12-04T13:00:00","modified_gmt":"2024-12-04T13:00:00","slug":"vollstandiger-sti-test-frauen-copy","status":"publish","type":"product","link":"https:\/\/professionals.homediq.com\/de\/Produkt\/vollstandiger-sti-test-frauen-copy\/","title":{"rendered":"Vollst\u00e4ndiger STI-Test &#8211; Frauen (Copy)"},"content":{"rendered":"","protected":false},"excerpt":{"rendered":"<p>Verschaffen Sie sich einen umfassenden \u00dcberblick \u00fcber Ihre sexuelle Gesundheit, ohne einen Arzt oder eine Klinik aufsuchen zu m\u00fcssen. Dieser Test pr\u00fcft auf f\u00fcnf h\u00e4ufige sexuell \u00fcbertragbare Krankheiten und kann in wenigen Minuten zu Hause durchgef\u00fchrt werden. Sie k\u00f6nnen den Test zu Hause durchf\u00fchren und erhalten innerhalb weniger Werktage ein laborzertifiziertes Testergebnis.  <\/p>\n","protected":false},"featured_media":106169,"comment_status":"open","ping_status":"closed","template":"","meta":{"_acf_changed":false},"product_brand":[],"product_cat":[54],"product_tag":[],"class_list":{"0":"post-105845","1":"product","2":"type-product","3":"status-publish","4":"has-post-thumbnail","6":"product_cat-sexual-health-tests-de","8":"first","9":"instock","10":"taxable","11":"shipping-taxable","12":"purchasable","13":"product-type-simple"},"group_of_quantity":0,"min_quantity":0,"max_quantity":"","exclude_order_quantity_value_rules":"no","exclude_category_quantity_rules":"no","combine_variations":"no","acf":[],"_links":{"self":[{"href":"https:\/\/professionals.homediq.com\/de\/wp-json\/wp\/v2\/product\/105845","targetHints":{"allow":["GET"]}}],"collection":[{"href":"https:\/\/professionals.homediq.com\/de\/wp-json\/wp\/v2\/product"}],"about":[{"href":"https:\/\/professionals.homediq.com\/de\/wp-json\/wp\/v2\/types\/product"}],"replies":[{"embeddable":true,"href":"https:\/\/professionals.homediq.com\/de\/wp-json\/wp\/v2\/comments?post=105845"}],"wp:featuredmedia":[{"embeddable":true,"href":"https:\/\/professionals.homediq.com\/de\/wp-json\/wp\/v2\/media\/106169"}],"wp:attachment":[{"href":"https:\/\/professionals.homediq.com\/de\/wp-json\/wp\/v2\/media?parent=105845"}],"wp:term":[{"taxonomy":"product_brand","embeddable":true,"href":"https:\/\/professionals.homediq.com\/de\/wp-json\/wp\/v2\/product_brand?post=105845"},{"taxonomy":"product_cat","embeddable":true,"href":"https:\/\/professionals.homediq.com\/de\/wp-json\/wp\/v2\/product_cat?post=105845"},{"taxonomy":"product_tag","embeddable":true,"href":"https:\/\/professionals.homediq.com\/de\/wp-json\/wp\/v2\/product_tag?post=105845"}],"curies":[{"name":"wp","href":"https:\/\/api.w.org\/{rel}","templated":true}]}}