{"id":105809,"date":"2024-06-25T10:02:43","date_gmt":"2024-06-25T10:02:43","guid":{"rendered":"https:\/\/professionals.homediq.com\/?post_type=product&#038;p=105809"},"modified":"2025-04-15T14:48:46","modified_gmt":"2025-04-15T14:48:46","slug":"hpv-test-frau","status":"publish","type":"product","link":"https:\/\/professionals.homediq.com\/de\/Produkt\/hpv-test-frau\/","title":{"rendered":"HPV Test \u2013 Frau"},"content":{"rendered":"","protected":false},"excerpt":{"rendered":"<p>Der HPV-Test von Homed-IQ ist ein Screening-Test f\u00fcr Geb\u00e4rmutterhalskrebs bei Frauen. Der Test sagt Ihnen nicht, ob Sie Krebs haben, sondern erkennt das Vorhandensein des humanen Papillomavirus (HPV), des Virus, das Geb\u00e4rmutterhalskrebs verursacht. HPV ist die h\u00e4ufigste sexuell \u00fcbertragbare Infektion der Welt. W\u00e4hrend die meisten Infektionen mit der Zeit von selbst abklingen, k\u00f6nnen einige im K\u00f6rper verbleiben und gesundheitliche Probleme verursachen. Einige HPV-Typen k\u00f6nnen Warzen oder \u00fcberhaupt keine Symptome verursachen. Bestimmte Hochrisiko-HPV-Typen k\u00f6nnen jedoch Ver\u00e4nderungen in den Zellen des Geb\u00e4rmutterhalses verursachen, die zu Geb\u00e4rmutterhalskrebs f\u00fchren k\u00f6nnen. Dieser Heimtest pr\u00fcft bei Frauen auf Hochrisiko-HPV-Typen, die Geb\u00e4rmutterhalskrebs verursachen k\u00f6nnen.<\/p>\n","protected":false},"featured_media":106181,"comment_status":"open","ping_status":"closed","template":"","meta":{"_acf_changed":false},"product_brand":[],"product_cat":[54],"product_tag":[],"class_list":{"0":"post-105809","1":"product","2":"type-product","3":"status-publish","4":"has-post-thumbnail","6":"product_cat-sexual-health-tests-de","8":"first","9":"instock","10":"taxable","11":"shipping-taxable","12":"purchasable","13":"product-type-simple"},"group_of_quantity":0,"min_quantity":10,"max_quantity":"","exclude_order_quantity_value_rules":"no","exclude_category_quantity_rules":"no","combine_variations":"no","acf":[],"_links":{"self":[{"href":"https:\/\/professionals.homediq.com\/de\/wp-json\/wp\/v2\/product\/105809","targetHints":{"allow":["GET"]}}],"collection":[{"href":"https:\/\/professionals.homediq.com\/de\/wp-json\/wp\/v2\/product"}],"about":[{"href":"https:\/\/professionals.homediq.com\/de\/wp-json\/wp\/v2\/types\/product"}],"replies":[{"embeddable":true,"href":"https:\/\/professionals.homediq.com\/de\/wp-json\/wp\/v2\/comments?post=105809"}],"wp:featuredmedia":[{"embeddable":true,"href":"https:\/\/professionals.homediq.com\/de\/wp-json\/wp\/v2\/media\/106181"}],"wp:attachment":[{"href":"https:\/\/professionals.homediq.com\/de\/wp-json\/wp\/v2\/media?parent=105809"}],"wp:term":[{"taxonomy":"product_brand","embeddable":true,"href":"https:\/\/professionals.homediq.com\/de\/wp-json\/wp\/v2\/product_brand?post=105809"},{"taxonomy":"product_cat","embeddable":true,"href":"https:\/\/professionals.homediq.com\/de\/wp-json\/wp\/v2\/product_cat?post=105809"},{"taxonomy":"product_tag","embeddable":true,"href":"https:\/\/professionals.homediq.com\/de\/wp-json\/wp\/v2\/product_tag?post=105809"}],"curies":[{"name":"wp","href":"https:\/\/api.w.org\/{rel}","templated":true}]}}