{"id":105806,"date":"2024-06-25T09:53:32","date_gmt":"2024-06-25T09:53:32","guid":{"rendered":"https:\/\/professionals.homediq.com\/?post_type=product&#038;p=105806"},"modified":"2024-09-17T13:00:12","modified_gmt":"2024-09-17T13:00:12","slug":"testosteron-test-copy","status":"publish","type":"product","link":"https:\/\/professionals.homediq.com\/de\/Produkt\/testosteron-test-copy\/","title":{"rendered":"HIV-, Syphilis- und Hepatitis-B-Test"},"content":{"rendered":"","protected":false},"excerpt":{"rendered":"<p>Mit dem HIV-, Syphilis- und Hepatitis-B-Test von Homed-IQ erhalten Sie mehr Informationen \u00fcber Ihre sexuelle Gesundheit, ohne einen Hausarzt oder eine Klinik aufsuchen zu m\u00fcssen. Dieser einfache Test pr\u00fcft auf die h\u00e4ufigsten STIs, die im Blut nachweisbar sind, und kann zu Hause in wenigen Minuten durchgef\u00fchrt werden. Anders als bei STI-Tests in einer Klinik m\u00fcssen Sie nur eine kleine Menge Blut mit einem Fingerstich abnehmen.<\/p>\n","protected":false},"featured_media":106163,"comment_status":"open","ping_status":"closed","template":"","meta":{"_acf_changed":false},"product_brand":[],"product_cat":[54],"product_tag":[],"class_list":{"0":"post-105806","1":"product","2":"type-product","3":"status-publish","4":"has-post-thumbnail","6":"product_cat-sexual-health-tests-de","8":"first","9":"instock","10":"taxable","11":"shipping-taxable","12":"purchasable","13":"product-type-simple"},"group_of_quantity":0,"min_quantity":10,"max_quantity":"","exclude_order_quantity_value_rules":"no","exclude_category_quantity_rules":"no","combine_variations":"no","acf":[],"_links":{"self":[{"href":"https:\/\/professionals.homediq.com\/de\/wp-json\/wp\/v2\/product\/105806","targetHints":{"allow":["GET"]}}],"collection":[{"href":"https:\/\/professionals.homediq.com\/de\/wp-json\/wp\/v2\/product"}],"about":[{"href":"https:\/\/professionals.homediq.com\/de\/wp-json\/wp\/v2\/types\/product"}],"replies":[{"embeddable":true,"href":"https:\/\/professionals.homediq.com\/de\/wp-json\/wp\/v2\/comments?post=105806"}],"wp:featuredmedia":[{"embeddable":true,"href":"https:\/\/professionals.homediq.com\/de\/wp-json\/wp\/v2\/media\/106163"}],"wp:attachment":[{"href":"https:\/\/professionals.homediq.com\/de\/wp-json\/wp\/v2\/media?parent=105806"}],"wp:term":[{"taxonomy":"product_brand","embeddable":true,"href":"https:\/\/professionals.homediq.com\/de\/wp-json\/wp\/v2\/product_brand?post=105806"},{"taxonomy":"product_cat","embeddable":true,"href":"https:\/\/professionals.homediq.com\/de\/wp-json\/wp\/v2\/product_cat?post=105806"},{"taxonomy":"product_tag","embeddable":true,"href":"https:\/\/professionals.homediq.com\/de\/wp-json\/wp\/v2\/product_tag?post=105806"}],"curies":[{"name":"wp","href":"https:\/\/api.w.org\/{rel}","templated":true}]}}