{"id":105377,"date":"2024-02-20T14:17:13","date_gmt":"2024-02-20T14:17:13","guid":{"rendered":"https:\/\/professionals.homediq.com\/product\/chlamydien-gonorrhoe-test-maenner\/"},"modified":"2024-09-17T12:51:56","modified_gmt":"2024-09-17T12:51:56","slug":"chlamydien-gonorrhoe-test-maenner","status":"publish","type":"product","link":"https:\/\/professionals.homediq.com\/de\/Produkt\/chlamydien-gonorrhoe-test-maenner\/","title":{"rendered":"Chlamydien &amp; Gonorrhoe Test &#8211; M\u00e4nner"},"content":{"rendered":"","protected":false},"excerpt":{"rendered":"<p><span data-sheets-root=\"1\" data-sheets-value=\"{\" data-sheets-userformat=\"{\">Chlamydien und Gonorrh\u00f6 sind zwei der h\u00e4ufigsten sexuell \u00fcbertragbaren Infektionen (STI), die jedoch oft keine Symptome verursachen. Unabh\u00e4ngig davon, ob Sie k\u00fcrzlich ungesch\u00fctzten Sex oder einen neuen Sexualpartner hatten, sollten Sie sich regelm\u00e4\u00dfig auf Chlamydien und Gonorrh\u00f6 testen lassen. Dieser einfache Test beinhaltet entweder einen Abstrich oder eine Urinprobe und kann in wenigen Minuten von zu Hause aus durchgef\u00fchrt werden.<\/span><\/p>\n","protected":false},"featured_media":106148,"comment_status":"open","ping_status":"closed","template":"","meta":{"_acf_changed":false},"product_brand":[],"product_cat":[54],"product_tag":[],"class_list":{"0":"post-105377","1":"product","2":"type-product","3":"status-publish","4":"has-post-thumbnail","6":"product_cat-sexual-health-tests-de","8":"first","9":"instock","10":"taxable","11":"shipping-taxable","12":"purchasable","13":"product-type-simple"},"group_of_quantity":0,"min_quantity":10,"max_quantity":"","exclude_order_quantity_value_rules":"no","exclude_category_quantity_rules":"no","combine_variations":"no","acf":[],"_links":{"self":[{"href":"https:\/\/professionals.homediq.com\/de\/wp-json\/wp\/v2\/product\/105377","targetHints":{"allow":["GET"]}}],"collection":[{"href":"https:\/\/professionals.homediq.com\/de\/wp-json\/wp\/v2\/product"}],"about":[{"href":"https:\/\/professionals.homediq.com\/de\/wp-json\/wp\/v2\/types\/product"}],"replies":[{"embeddable":true,"href":"https:\/\/professionals.homediq.com\/de\/wp-json\/wp\/v2\/comments?post=105377"}],"wp:featuredmedia":[{"embeddable":true,"href":"https:\/\/professionals.homediq.com\/de\/wp-json\/wp\/v2\/media\/106148"}],"wp:attachment":[{"href":"https:\/\/professionals.homediq.com\/de\/wp-json\/wp\/v2\/media?parent=105377"}],"wp:term":[{"taxonomy":"product_brand","embeddable":true,"href":"https:\/\/professionals.homediq.com\/de\/wp-json\/wp\/v2\/product_brand?post=105377"},{"taxonomy":"product_cat","embeddable":true,"href":"https:\/\/professionals.homediq.com\/de\/wp-json\/wp\/v2\/product_cat?post=105377"},{"taxonomy":"product_tag","embeddable":true,"href":"https:\/\/professionals.homediq.com\/de\/wp-json\/wp\/v2\/product_tag?post=105377"}],"curies":[{"name":"wp","href":"https:\/\/api.w.org\/{rel}","templated":true}]}}