{"id":105374,"date":"2024-02-20T14:30:41","date_gmt":"2024-02-20T14:30:41","guid":{"rendered":"https:\/\/professionals.homediq.com\/product\/basic-4-sti-test-maenner\/"},"modified":"2024-09-17T13:01:24","modified_gmt":"2024-09-17T13:01:24","slug":"basic-4-sti-test-maenner","status":"publish","type":"product","link":"https:\/\/professionals.homediq.com\/de\/Produkt\/basic-4-sti-test-maenner\/","title":{"rendered":"Basic-3 STI-Test &#8211; M\u00e4nner"},"content":{"rendered":"","protected":false},"excerpt":{"rendered":"<p>Erfahren Sie mehr \u00fcber Ihre sexuelle Gesundheit mit dem Basic-4 STI-Test von Homed-IQ. Testen Sie anonym, zuverl\u00e4ssig und schnell auf Chlamydien, Gonorrhoe, Trichomoniasis und Mycoplasma Genitalium, ganz bequem von zu Hause aus.<\/p>\n","protected":false},"featured_media":106172,"comment_status":"open","ping_status":"closed","template":"","meta":{"_acf_changed":false},"product_brand":[],"product_cat":[54],"product_tag":[],"class_list":{"0":"post-105374","1":"product","2":"type-product","3":"status-publish","4":"has-post-thumbnail","6":"product_cat-sexual-health-tests-de","8":"first","9":"instock","10":"taxable","11":"shipping-taxable","12":"purchasable","13":"product-type-simple"},"group_of_quantity":0,"min_quantity":10,"max_quantity":"","exclude_order_quantity_value_rules":"no","exclude_category_quantity_rules":"no","combine_variations":"no","acf":[],"_links":{"self":[{"href":"https:\/\/professionals.homediq.com\/de\/wp-json\/wp\/v2\/product\/105374","targetHints":{"allow":["GET"]}}],"collection":[{"href":"https:\/\/professionals.homediq.com\/de\/wp-json\/wp\/v2\/product"}],"about":[{"href":"https:\/\/professionals.homediq.com\/de\/wp-json\/wp\/v2\/types\/product"}],"replies":[{"embeddable":true,"href":"https:\/\/professionals.homediq.com\/de\/wp-json\/wp\/v2\/comments?post=105374"}],"wp:featuredmedia":[{"embeddable":true,"href":"https:\/\/professionals.homediq.com\/de\/wp-json\/wp\/v2\/media\/106172"}],"wp:attachment":[{"href":"https:\/\/professionals.homediq.com\/de\/wp-json\/wp\/v2\/media?parent=105374"}],"wp:term":[{"taxonomy":"product_brand","embeddable":true,"href":"https:\/\/professionals.homediq.com\/de\/wp-json\/wp\/v2\/product_brand?post=105374"},{"taxonomy":"product_cat","embeddable":true,"href":"https:\/\/professionals.homediq.com\/de\/wp-json\/wp\/v2\/product_cat?post=105374"},{"taxonomy":"product_tag","embeddable":true,"href":"https:\/\/professionals.homediq.com\/de\/wp-json\/wp\/v2\/product_tag?post=105374"}],"curies":[{"name":"wp","href":"https:\/\/api.w.org\/{rel}","templated":true}]}}