{"id":105372,"date":"2024-02-20T14:33:54","date_gmt":"2024-02-20T14:33:54","guid":{"rendered":"https:\/\/professionals.homediq.com\/product\/cholesterin-test\/"},"modified":"2025-03-21T17:24:07","modified_gmt":"2025-03-21T17:24:07","slug":"cholesterin-test","status":"publish","type":"product","link":"https:\/\/professionals.homediq.com\/de\/Produkt\/cholesterin-test\/","title":{"rendered":"Cholesterin Test"},"content":{"rendered":"","protected":false},"excerpt":{"rendered":"<p>Fast 25 % der Weltbev\u00f6lkerung haben einen hohen Cholesterinspiegel. Mit diesem Test k\u00f6nnen Sie Ihre kardiovaskul\u00e4re Gesundheit beurteilen, indem Sie die Menge an Cholesterin und Triglyceriden in Ihrem Blut messen. \u00dcberpr\u00fcfen Sie Ihren aktuellen Cholesterinspiegel oder \u00fcberwachen Sie ihn im Laufe der Zeit mit leicht verst\u00e4ndlichen Ergebnissen f\u00fcr drei Marker f\u00fcr Cholesterin (Gesamtcholesterin, HDL, LDL) und Triglyceride.<\/p>\n","protected":false},"featured_media":106191,"comment_status":"open","ping_status":"closed","template":"","meta":{"_acf_changed":false},"product_brand":[],"product_cat":[53],"product_tag":[],"class_list":{"0":"post-105372","1":"product","2":"type-product","3":"status-publish","4":"has-post-thumbnail","6":"product_cat-general-health-tests-de","8":"first","9":"instock","10":"taxable","11":"shipping-taxable","12":"purchasable","13":"product-type-simple"},"group_of_quantity":0,"min_quantity":10,"max_quantity":"","exclude_order_quantity_value_rules":"no","exclude_category_quantity_rules":"no","combine_variations":"no","acf":[],"_links":{"self":[{"href":"https:\/\/professionals.homediq.com\/de\/wp-json\/wp\/v2\/product\/105372","targetHints":{"allow":["GET"]}}],"collection":[{"href":"https:\/\/professionals.homediq.com\/de\/wp-json\/wp\/v2\/product"}],"about":[{"href":"https:\/\/professionals.homediq.com\/de\/wp-json\/wp\/v2\/types\/product"}],"replies":[{"embeddable":true,"href":"https:\/\/professionals.homediq.com\/de\/wp-json\/wp\/v2\/comments?post=105372"}],"wp:featuredmedia":[{"embeddable":true,"href":"https:\/\/professionals.homediq.com\/de\/wp-json\/wp\/v2\/media\/106191"}],"wp:attachment":[{"href":"https:\/\/professionals.homediq.com\/de\/wp-json\/wp\/v2\/media?parent=105372"}],"wp:term":[{"taxonomy":"product_brand","embeddable":true,"href":"https:\/\/professionals.homediq.com\/de\/wp-json\/wp\/v2\/product_brand?post=105372"},{"taxonomy":"product_cat","embeddable":true,"href":"https:\/\/professionals.homediq.com\/de\/wp-json\/wp\/v2\/product_cat?post=105372"},{"taxonomy":"product_tag","embeddable":true,"href":"https:\/\/professionals.homediq.com\/de\/wp-json\/wp\/v2\/product_tag?post=105372"}],"curies":[{"name":"wp","href":"https:\/\/api.w.org\/{rel}","templated":true}]}}