{"id":105371,"date":"2024-02-20T14:35:17","date_gmt":"2024-02-20T14:35:17","guid":{"rendered":"https:\/\/professionals.homediq.com\/product\/blutzuckertest-hba1c\/"},"modified":"2025-03-21T17:23:56","modified_gmt":"2025-03-21T17:23:56","slug":"blutzuckertest-hba1c","status":"publish","type":"product","link":"https:\/\/professionals.homediq.com\/de\/Produkt\/blutzuckertest-hba1c\/","title":{"rendered":"Blutzuckertest (HbA1c)"},"content":{"rendered":"","protected":false},"excerpt":{"rendered":"<p>Glauben Sie, dass Sie Diabetes oder Pr\u00e4diabetes haben? Diabetes ist eine Krankheit, bei der Ihr K\u00f6rper kein Insulin produzieren oder es nicht effektiv zur Kontrolle des Blutzuckers einsetzen kann. Obwohl Diabetes eine sehr h\u00e4ufige Krankheit ist, wissen es manche Menschen aufgrund von fehlenden Symptomen nicht, dass Sie Diabetiker sind. Das Erlernen Ihres Blutzuckerspiegels bedeutet, dass bei Bedarf eine Behandlung oder vorbeugende \u00c4nderungen des Lebensstils durchgef\u00fchrt werden k\u00f6nnen. Dieser Test misst den HbA1c-Wert in Ihrem Blut und zeigt Ihren durchschnittlichen Blutzuckerspiegel in den letzten drei Monaten an. Ist er zu hoch, kann dies auf Pr\u00e4diabetes oder Diabetes hindeuten.<\/p>\n","protected":false},"featured_media":106194,"comment_status":"open","ping_status":"closed","template":"","meta":{"_acf_changed":false},"product_brand":[],"product_cat":[53],"product_tag":[],"class_list":{"0":"post-105371","1":"product","2":"type-product","3":"status-publish","4":"has-post-thumbnail","6":"product_cat-general-health-tests-de","8":"first","9":"instock","10":"taxable","11":"shipping-taxable","12":"purchasable","13":"product-type-simple"},"group_of_quantity":0,"min_quantity":10,"max_quantity":"","exclude_order_quantity_value_rules":"no","exclude_category_quantity_rules":"no","combine_variations":"no","acf":[],"_links":{"self":[{"href":"https:\/\/professionals.homediq.com\/de\/wp-json\/wp\/v2\/product\/105371","targetHints":{"allow":["GET"]}}],"collection":[{"href":"https:\/\/professionals.homediq.com\/de\/wp-json\/wp\/v2\/product"}],"about":[{"href":"https:\/\/professionals.homediq.com\/de\/wp-json\/wp\/v2\/types\/product"}],"replies":[{"embeddable":true,"href":"https:\/\/professionals.homediq.com\/de\/wp-json\/wp\/v2\/comments?post=105371"}],"wp:featuredmedia":[{"embeddable":true,"href":"https:\/\/professionals.homediq.com\/de\/wp-json\/wp\/v2\/media\/106194"}],"wp:attachment":[{"href":"https:\/\/professionals.homediq.com\/de\/wp-json\/wp\/v2\/media?parent=105371"}],"wp:term":[{"taxonomy":"product_brand","embeddable":true,"href":"https:\/\/professionals.homediq.com\/de\/wp-json\/wp\/v2\/product_brand?post=105371"},{"taxonomy":"product_cat","embeddable":true,"href":"https:\/\/professionals.homediq.com\/de\/wp-json\/wp\/v2\/product_cat?post=105371"},{"taxonomy":"product_tag","embeddable":true,"href":"https:\/\/professionals.homediq.com\/de\/wp-json\/wp\/v2\/product_tag?post=105371"}],"curies":[{"name":"wp","href":"https:\/\/api.w.org\/{rel}","templated":true}]}}