{"id":105370,"date":"2024-02-20T14:38:25","date_gmt":"2024-02-20T14:38:25","guid":{"rendered":"https:\/\/professionals.homediq.com\/product\/leberfunktionstest\/"},"modified":"2025-03-21T17:22:59","modified_gmt":"2025-03-21T17:22:59","slug":"leberfunktionstest","status":"publish","type":"product","link":"https:\/\/professionals.homediq.com\/de\/Produkt\/leberfunktionstest\/","title":{"rendered":"Leberfunktionstest"},"content":{"rendered":"","protected":false},"excerpt":{"rendered":"<p>Dieser Test pr\u00fcft auf mehrere Schl\u00fcsselindikatoren f\u00fcr die Lebergesundheit. Da Lebererkrankungen oft erst im fortgeschrittenen Stadium und bei dauerhaften Lebersch\u00e4den erkennbare Symptome verursachen, erm\u00f6glicht Ihnen dieser Test die \u00dcberwachung der Leberfunktion von zu Hause aus.<\/p>\n","protected":false},"featured_media":106201,"comment_status":"open","ping_status":"closed","template":"","meta":{"_acf_changed":false},"product_brand":[],"product_cat":[53],"product_tag":[],"class_list":{"0":"post-105370","1":"product","2":"type-product","3":"status-publish","4":"has-post-thumbnail","6":"product_cat-general-health-tests-de","8":"first","9":"instock","10":"taxable","11":"shipping-taxable","12":"purchasable","13":"product-type-simple"},"group_of_quantity":0,"min_quantity":10,"max_quantity":"","exclude_order_quantity_value_rules":"no","exclude_category_quantity_rules":"no","combine_variations":"no","acf":[],"_links":{"self":[{"href":"https:\/\/professionals.homediq.com\/de\/wp-json\/wp\/v2\/product\/105370","targetHints":{"allow":["GET"]}}],"collection":[{"href":"https:\/\/professionals.homediq.com\/de\/wp-json\/wp\/v2\/product"}],"about":[{"href":"https:\/\/professionals.homediq.com\/de\/wp-json\/wp\/v2\/types\/product"}],"replies":[{"embeddable":true,"href":"https:\/\/professionals.homediq.com\/de\/wp-json\/wp\/v2\/comments?post=105370"}],"wp:featuredmedia":[{"embeddable":true,"href":"https:\/\/professionals.homediq.com\/de\/wp-json\/wp\/v2\/media\/106201"}],"wp:attachment":[{"href":"https:\/\/professionals.homediq.com\/de\/wp-json\/wp\/v2\/media?parent=105370"}],"wp:term":[{"taxonomy":"product_brand","embeddable":true,"href":"https:\/\/professionals.homediq.com\/de\/wp-json\/wp\/v2\/product_brand?post=105370"},{"taxonomy":"product_cat","embeddable":true,"href":"https:\/\/professionals.homediq.com\/de\/wp-json\/wp\/v2\/product_cat?post=105370"},{"taxonomy":"product_tag","embeddable":true,"href":"https:\/\/professionals.homediq.com\/de\/wp-json\/wp\/v2\/product_tag?post=105370"}],"curies":[{"name":"wp","href":"https:\/\/api.w.org\/{rel}","templated":true}]}}