{"id":105368,"date":"2024-02-20T14:43:12","date_gmt":"2024-02-20T14:43:12","guid":{"rendered":"https:\/\/professionals.homediq.com\/product\/vitaminmangeltest\/"},"modified":"2025-03-21T17:21:27","modified_gmt":"2025-03-21T17:21:27","slug":"vitaminmangeltest","status":"publish","type":"product","link":"https:\/\/professionals.homediq.com\/de\/Produkt\/vitaminmangeltest\/","title":{"rendered":"Vitaminmangeltest"},"content":{"rendered":"","protected":false},"excerpt":{"rendered":"<p>Haben Sie Symptome, die auf einen Vitaminmangel hindeuten k\u00f6nnten? Dieser Test f\u00fcr zu Hause \u00fcberpr\u00fcft den Gehalt an Vitamin B12, Vitamin D und Fols\u00e4ure (Vitamin B9) in Ihrem Blut. Der Entnahmeprozess ist einfach und kann von zu Hause aus durchgef\u00fchrt werden, bevor die Probe von einem zertifizierten Labor untersucht wird.<\/p>\n","protected":false},"featured_media":106210,"comment_status":"open","ping_status":"closed","template":"","meta":{"_acf_changed":false},"product_brand":[],"product_cat":[51],"product_tag":[],"class_list":{"0":"post-105368","1":"product","2":"type-product","3":"status-publish","4":"has-post-thumbnail","6":"product_cat-sport-health-tests-de","8":"first","9":"instock","10":"taxable","11":"shipping-taxable","12":"purchasable","13":"product-type-simple"},"group_of_quantity":0,"min_quantity":10,"max_quantity":"","exclude_order_quantity_value_rules":"no","exclude_category_quantity_rules":"no","combine_variations":"no","acf":[],"_links":{"self":[{"href":"https:\/\/professionals.homediq.com\/de\/wp-json\/wp\/v2\/product\/105368","targetHints":{"allow":["GET"]}}],"collection":[{"href":"https:\/\/professionals.homediq.com\/de\/wp-json\/wp\/v2\/product"}],"about":[{"href":"https:\/\/professionals.homediq.com\/de\/wp-json\/wp\/v2\/types\/product"}],"replies":[{"embeddable":true,"href":"https:\/\/professionals.homediq.com\/de\/wp-json\/wp\/v2\/comments?post=105368"}],"wp:featuredmedia":[{"embeddable":true,"href":"https:\/\/professionals.homediq.com\/de\/wp-json\/wp\/v2\/media\/106210"}],"wp:attachment":[{"href":"https:\/\/professionals.homediq.com\/de\/wp-json\/wp\/v2\/media?parent=105368"}],"wp:term":[{"taxonomy":"product_brand","embeddable":true,"href":"https:\/\/professionals.homediq.com\/de\/wp-json\/wp\/v2\/product_brand?post=105368"},{"taxonomy":"product_cat","embeddable":true,"href":"https:\/\/professionals.homediq.com\/de\/wp-json\/wp\/v2\/product_cat?post=105368"},{"taxonomy":"product_tag","embeddable":true,"href":"https:\/\/professionals.homediq.com\/de\/wp-json\/wp\/v2\/product_tag?post=105368"}],"curies":[{"name":"wp","href":"https:\/\/api.w.org\/{rel}","templated":true}]}}