{"id":105367,"date":"2024-02-20T14:44:49","date_gmt":"2024-02-20T14:44:49","guid":{"rendered":"https:\/\/professionals.homediq.com\/product\/vitamin-b12-test\/"},"modified":"2025-03-21T17:20:58","modified_gmt":"2025-03-21T17:20:58","slug":"vitamin-b12-test","status":"publish","type":"product","link":"https:\/\/professionals.homediq.com\/de\/Produkt\/vitamin-b12-test\/","title":{"rendered":"Vitamin B12 Test"},"content":{"rendered":"","protected":false},"excerpt":{"rendered":"<p>Haben Sie mit Symptomen wie M\u00fcdigkeit, Muskelschw\u00e4che und\/oder Ged\u00e4chtnis- und Stimmungsproblemen zu k\u00e4mpfen? Vitamin B12 ist ein essenzieller N\u00e4hrstoff, der f\u00fcr die Funktion des Gehirns, die Gesundheit der Nerven, die Bildung gesunder roter Blutk\u00f6rperchen und die Bildung der DNA unerl\u00e4sslich ist. Aktives Vitamin B12 (Holo-TC) ist die Menge an Vitamin B12, die vom K\u00f6rper leicht verwertet werden kann. Diese Messung bietet einen genaueren \u00dcberblick \u00fcber den Vitamin-B12-Status, da der Gesamt-B12-Spiegel normal erscheinen kann, w\u00e4hrend die vom K\u00f6rper verwertbare Menge noch niedrig ist. Mit diesem Selbsttest k\u00f6nnen Sie Ihren aktiven Vitamin-B12-Spiegel schnell und einfach von zu Hause aus \u00fcberpr\u00fcfen.<\/p>\n","protected":false},"featured_media":106213,"comment_status":"open","ping_status":"closed","template":"","meta":{"_acf_changed":false},"product_brand":[],"product_cat":[51],"product_tag":[],"class_list":{"0":"post-105367","1":"product","2":"type-product","3":"status-publish","4":"has-post-thumbnail","6":"product_cat-sport-health-tests-de","8":"first","9":"instock","10":"taxable","11":"shipping-taxable","12":"purchasable","13":"product-type-simple"},"group_of_quantity":0,"min_quantity":10,"max_quantity":"","exclude_order_quantity_value_rules":"no","exclude_category_quantity_rules":"no","combine_variations":"no","acf":[],"_links":{"self":[{"href":"https:\/\/professionals.homediq.com\/de\/wp-json\/wp\/v2\/product\/105367","targetHints":{"allow":["GET"]}}],"collection":[{"href":"https:\/\/professionals.homediq.com\/de\/wp-json\/wp\/v2\/product"}],"about":[{"href":"https:\/\/professionals.homediq.com\/de\/wp-json\/wp\/v2\/types\/product"}],"replies":[{"embeddable":true,"href":"https:\/\/professionals.homediq.com\/de\/wp-json\/wp\/v2\/comments?post=105367"}],"wp:featuredmedia":[{"embeddable":true,"href":"https:\/\/professionals.homediq.com\/de\/wp-json\/wp\/v2\/media\/106213"}],"wp:attachment":[{"href":"https:\/\/professionals.homediq.com\/de\/wp-json\/wp\/v2\/media?parent=105367"}],"wp:term":[{"taxonomy":"product_brand","embeddable":true,"href":"https:\/\/professionals.homediq.com\/de\/wp-json\/wp\/v2\/product_brand?post=105367"},{"taxonomy":"product_cat","embeddable":true,"href":"https:\/\/professionals.homediq.com\/de\/wp-json\/wp\/v2\/product_cat?post=105367"},{"taxonomy":"product_tag","embeddable":true,"href":"https:\/\/professionals.homediq.com\/de\/wp-json\/wp\/v2\/product_tag?post=105367"}],"curies":[{"name":"wp","href":"https:\/\/api.w.org\/{rel}","templated":true}]}}