{"id":105366,"date":"2024-02-20T14:45:52","date_gmt":"2024-02-20T14:45:52","guid":{"rendered":"https:\/\/professionals.homediq.com\/product\/gesundheits-vorsorgetest-basic\/"},"modified":"2025-03-21T17:14:20","modified_gmt":"2025-03-21T17:14:20","slug":"gesundheits-vorsorgetest-basic","status":"publish","type":"product","link":"https:\/\/professionals.homediq.com\/de\/Produkt\/gesundheits-vorsorgetest-basic\/","title":{"rendered":"Gesundheits-Vorsorgetest &#8211; Basic"},"content":{"rendered":"","protected":false},"excerpt":{"rendered":"<p>\u00dcberpr\u00fcfen Sie Ihre Gesundheit bequem von zu Hause aus. Der Gesundheitscheck f\u00fcr Unternehmen misst wichtige Biomarker f\u00fcr Blutzucker, Cholesterin und Vitaminspiegel. Die Kenntnis dieser Marker kann Ihnen dabei helfen, Ihr Krankheitsrisiko zu senken und bei Bedarf \u00c4nderungen vorzunehmen. Nutzen Sie diesen Test als Check-up oder als Ausgangspunkt f\u00fcr die weitere Untersuchung bestimmter Gesundheitsprobleme.<\/p>\n","protected":false},"featured_media":106234,"comment_status":"open","ping_status":"closed","template":"","meta":{"_acf_changed":false},"product_brand":[],"product_cat":[52],"product_tag":[],"class_list":{"0":"post-105366","1":"product","2":"type-product","3":"status-publish","4":"has-post-thumbnail","6":"product_cat-preventative-health-tests-de","8":"first","9":"instock","10":"taxable","11":"shipping-taxable","12":"purchasable","13":"product-type-simple"},"group_of_quantity":0,"min_quantity":10,"max_quantity":"","exclude_order_quantity_value_rules":"no","exclude_category_quantity_rules":"no","combine_variations":"no","acf":[],"_links":{"self":[{"href":"https:\/\/professionals.homediq.com\/de\/wp-json\/wp\/v2\/product\/105366","targetHints":{"allow":["GET"]}}],"collection":[{"href":"https:\/\/professionals.homediq.com\/de\/wp-json\/wp\/v2\/product"}],"about":[{"href":"https:\/\/professionals.homediq.com\/de\/wp-json\/wp\/v2\/types\/product"}],"replies":[{"embeddable":true,"href":"https:\/\/professionals.homediq.com\/de\/wp-json\/wp\/v2\/comments?post=105366"}],"wp:featuredmedia":[{"embeddable":true,"href":"https:\/\/professionals.homediq.com\/de\/wp-json\/wp\/v2\/media\/106234"}],"wp:attachment":[{"href":"https:\/\/professionals.homediq.com\/de\/wp-json\/wp\/v2\/media?parent=105366"}],"wp:term":[{"taxonomy":"product_brand","embeddable":true,"href":"https:\/\/professionals.homediq.com\/de\/wp-json\/wp\/v2\/product_brand?post=105366"},{"taxonomy":"product_cat","embeddable":true,"href":"https:\/\/professionals.homediq.com\/de\/wp-json\/wp\/v2\/product_cat?post=105366"},{"taxonomy":"product_tag","embeddable":true,"href":"https:\/\/professionals.homediq.com\/de\/wp-json\/wp\/v2\/product_tag?post=105366"}],"curies":[{"name":"wp","href":"https:\/\/api.w.org\/{rel}","templated":true}]}}