{"id":105365,"date":"2024-02-20T14:47:26","date_gmt":"2024-02-20T14:47:26","guid":{"rendered":"https:\/\/professionals.homediq.com\/product\/darmkrebs-vorsorgetest\/"},"modified":"2025-03-21T17:16:45","modified_gmt":"2025-03-21T17:16:45","slug":"darmkrebs-vorsorgetest","status":"publish","type":"product","link":"https:\/\/professionals.homediq.com\/de\/Produkt\/darmkrebs-vorsorgetest\/","title":{"rendered":"Darmkrebs-Vorsorgetest"},"content":{"rendered":"","protected":false},"excerpt":{"rendered":"<p>Darmkrebs ist in fr\u00fchen Stadien gut behandelbar. Die Symptome sind jedoch m\u00f6glicherweise erst bemerkbar, wenn der Krebs fortgeschritten ist. Aus diesem Grund ist die Vorsorgeuntersuchung ein wichtiges Instrument zur Fr\u00fcherkennung von Darmkrebs. Dieser Darmkrebs-Heimtest sucht nach Blut im Stuhl, das f\u00fcr das menschliche Auge nicht sichtbar ist. Die Ergebnisse dieses Tests k\u00f6nnen anzeigen, ob weitere Tests oder Untersuchungen erforderlich sind.<\/p>\n","protected":false},"featured_media":106240,"comment_status":"open","ping_status":"closed","template":"","meta":{"_acf_changed":false},"product_brand":[],"product_cat":[52],"product_tag":[],"class_list":{"0":"post-105365","1":"product","2":"type-product","3":"status-publish","4":"has-post-thumbnail","6":"product_cat-preventative-health-tests-de","8":"first","9":"instock","10":"taxable","11":"shipping-taxable","12":"purchasable","13":"product-type-simple"},"group_of_quantity":0,"min_quantity":10,"max_quantity":"","exclude_order_quantity_value_rules":"no","exclude_category_quantity_rules":"no","combine_variations":"no","acf":[],"_links":{"self":[{"href":"https:\/\/professionals.homediq.com\/de\/wp-json\/wp\/v2\/product\/105365","targetHints":{"allow":["GET"]}}],"collection":[{"href":"https:\/\/professionals.homediq.com\/de\/wp-json\/wp\/v2\/product"}],"about":[{"href":"https:\/\/professionals.homediq.com\/de\/wp-json\/wp\/v2\/types\/product"}],"replies":[{"embeddable":true,"href":"https:\/\/professionals.homediq.com\/de\/wp-json\/wp\/v2\/comments?post=105365"}],"wp:featuredmedia":[{"embeddable":true,"href":"https:\/\/professionals.homediq.com\/de\/wp-json\/wp\/v2\/media\/106240"}],"wp:attachment":[{"href":"https:\/\/professionals.homediq.com\/de\/wp-json\/wp\/v2\/media?parent=105365"}],"wp:term":[{"taxonomy":"product_brand","embeddable":true,"href":"https:\/\/professionals.homediq.com\/de\/wp-json\/wp\/v2\/product_brand?post=105365"},{"taxonomy":"product_cat","embeddable":true,"href":"https:\/\/professionals.homediq.com\/de\/wp-json\/wp\/v2\/product_cat?post=105365"},{"taxonomy":"product_tag","embeddable":true,"href":"https:\/\/professionals.homediq.com\/de\/wp-json\/wp\/v2\/product_tag?post=105365"}],"curies":[{"name":"wp","href":"https:\/\/api.w.org\/{rel}","templated":true}]}}