{"id":105364,"date":"2024-02-20T14:48:39","date_gmt":"2024-02-20T14:48:39","guid":{"rendered":"https:\/\/professionals.homediq.com\/product\/psa-test\/"},"modified":"2025-03-21T17:17:46","modified_gmt":"2025-03-21T17:17:46","slug":"psa-test","status":"publish","type":"product","link":"https:\/\/professionals.homediq.com\/de\/Produkt\/psa-test\/","title":{"rendered":"PSA Test"},"content":{"rendered":"","protected":false},"excerpt":{"rendered":"<p>Prostataspezifisches Antigen (PSA) ist ein Protein, das von der Prostata produziert und in geringen Mengen ins Blut abgegeben wird. Wenn es ein Problem mit der Prostata gibt, wie zum Beispiel Prostatakrebs, kann der PSA-Spiegel im Blut ansteigen. Der PSA-Test kann helfen, Prostatakrebs in einem fr\u00fcheren Stadium zu erkennen. Dieser PSA-Heimtest kann hohe PSA-Werte erkennen, die auf Prostatakrebs oder Entz\u00fcndungen hinweisen k\u00f6nnen.<\/p>\n","protected":false},"featured_media":106243,"comment_status":"open","ping_status":"closed","template":"","meta":{"_acf_changed":false},"product_brand":[],"product_cat":[52],"product_tag":[],"class_list":{"0":"post-105364","1":"product","2":"type-product","3":"status-publish","4":"has-post-thumbnail","6":"product_cat-preventative-health-tests-de","8":"first","9":"instock","10":"taxable","11":"shipping-taxable","12":"purchasable","13":"product-type-simple"},"group_of_quantity":0,"min_quantity":10,"max_quantity":"","exclude_order_quantity_value_rules":"no","exclude_category_quantity_rules":"no","combine_variations":"no","acf":[],"_links":{"self":[{"href":"https:\/\/professionals.homediq.com\/de\/wp-json\/wp\/v2\/product\/105364","targetHints":{"allow":["GET"]}}],"collection":[{"href":"https:\/\/professionals.homediq.com\/de\/wp-json\/wp\/v2\/product"}],"about":[{"href":"https:\/\/professionals.homediq.com\/de\/wp-json\/wp\/v2\/types\/product"}],"replies":[{"embeddable":true,"href":"https:\/\/professionals.homediq.com\/de\/wp-json\/wp\/v2\/comments?post=105364"}],"wp:featuredmedia":[{"embeddable":true,"href":"https:\/\/professionals.homediq.com\/de\/wp-json\/wp\/v2\/media\/106243"}],"wp:attachment":[{"href":"https:\/\/professionals.homediq.com\/de\/wp-json\/wp\/v2\/media?parent=105364"}],"wp:term":[{"taxonomy":"product_brand","embeddable":true,"href":"https:\/\/professionals.homediq.com\/de\/wp-json\/wp\/v2\/product_brand?post=105364"},{"taxonomy":"product_cat","embeddable":true,"href":"https:\/\/professionals.homediq.com\/de\/wp-json\/wp\/v2\/product_cat?post=105364"},{"taxonomy":"product_tag","embeddable":true,"href":"https:\/\/professionals.homediq.com\/de\/wp-json\/wp\/v2\/product_tag?post=105364"}],"curies":[{"name":"wp","href":"https:\/\/api.w.org\/{rel}","templated":true}]}}