{"id":105363,"date":"2024-02-20T14:49:39","date_gmt":"2024-02-20T14:49:39","guid":{"rendered":"https:\/\/professionals.homediq.com\/product\/bluttest-fuer-sportler\/"},"modified":"2025-03-21T17:20:00","modified_gmt":"2025-03-21T17:20:00","slug":"bluttest-fuer-sportler","status":"publish","type":"product","link":"https:\/\/professionals.homediq.com\/de\/Produkt\/bluttest-fuer-sportler\/","title":{"rendered":"Bluttest f\u00fcr Sportler"},"content":{"rendered":"","protected":false},"excerpt":{"rendered":"<p>Dieser Gesundheitscheck ist speziell f\u00fcr Sportler konzipiert. Mit dem Bluttest f\u00fcr Sportler erhalten Sie einen umfangreichen Einblick in wichtige Biomarker (Hormone, Vitamine und Mineralien), die besonders f\u00fcr die sportliche Leistungsf\u00e4higkeit des menschlichen K\u00f6rpers wichtig sind. Ungleichgewichte oder M\u00e4ngel dieser Biomarker, k\u00f6nnen undiagnostizierte Symptome verursachen, die sportliche Leistung beeintr\u00e4chtigen oder auf andere Gesundheitsprobleme hinweisen. Der Bluttest f\u00fcr Sportler verleiht Ihnen mehr Kontrolle \u00fcber Ihre Gesundheit und unterst\u00fctzt Sie dabei, Ihre sportlichen Ziele zu erreichen.<\/p>\n","protected":false},"featured_media":106222,"comment_status":"open","ping_status":"closed","template":"","meta":{"_acf_changed":false},"product_brand":[],"product_cat":[51],"product_tag":[],"class_list":{"0":"post-105363","1":"product","2":"type-product","3":"status-publish","4":"has-post-thumbnail","6":"product_cat-sport-health-tests-de","8":"first","9":"instock","10":"taxable","11":"shipping-taxable","12":"purchasable","13":"product-type-simple"},"group_of_quantity":0,"min_quantity":10,"max_quantity":"","exclude_order_quantity_value_rules":"no","exclude_category_quantity_rules":"no","combine_variations":"no","acf":[],"_links":{"self":[{"href":"https:\/\/professionals.homediq.com\/de\/wp-json\/wp\/v2\/product\/105363","targetHints":{"allow":["GET"]}}],"collection":[{"href":"https:\/\/professionals.homediq.com\/de\/wp-json\/wp\/v2\/product"}],"about":[{"href":"https:\/\/professionals.homediq.com\/de\/wp-json\/wp\/v2\/types\/product"}],"replies":[{"embeddable":true,"href":"https:\/\/professionals.homediq.com\/de\/wp-json\/wp\/v2\/comments?post=105363"}],"wp:featuredmedia":[{"embeddable":true,"href":"https:\/\/professionals.homediq.com\/de\/wp-json\/wp\/v2\/media\/106222"}],"wp:attachment":[{"href":"https:\/\/professionals.homediq.com\/de\/wp-json\/wp\/v2\/media?parent=105363"}],"wp:term":[{"taxonomy":"product_brand","embeddable":true,"href":"https:\/\/professionals.homediq.com\/de\/wp-json\/wp\/v2\/product_brand?post=105363"},{"taxonomy":"product_cat","embeddable":true,"href":"https:\/\/professionals.homediq.com\/de\/wp-json\/wp\/v2\/product_cat?post=105363"},{"taxonomy":"product_tag","embeddable":true,"href":"https:\/\/professionals.homediq.com\/de\/wp-json\/wp\/v2\/product_tag?post=105363"}],"curies":[{"name":"wp","href":"https:\/\/api.w.org\/{rel}","templated":true}]}}