{"id":105362,"date":"2024-02-20T15:09:23","date_gmt":"2024-02-20T15:09:23","guid":{"rendered":"https:\/\/professionals.homediq.com\/product\/gesundheits-vorsorgetest-umfassend\/"},"modified":"2025-03-21T17:15:48","modified_gmt":"2025-03-21T17:15:48","slug":"gesundheits-vorsorgetest-umfassend","status":"publish","type":"product","link":"https:\/\/professionals.homediq.com\/de\/Produkt\/gesundheits-vorsorgetest-umfassend\/","title":{"rendered":"Gesundheits-Vorsorgetest &#8211; Umfassend"},"content":{"rendered":"","protected":false},"excerpt":{"rendered":"<p>Machen Sie bequem von zu Hause aus einen Gesundheitscheck. Der pr\u00e4ventive Gesundheits-Test ist in den Panels Basic und Extensive erh\u00e4ltlich und misst Biomarker in Schl\u00fcsselbereichen, die nicht diagnostizierte Symptome verursachen oder auf andere Gesundheitszust\u00e4nde hinweisen k\u00f6nnen. Verwenden Sie den Vorsorgeuntersuchungstest als Ihre j\u00e4hrliche Vorsorgeuntersuchung oder als Ausgangspunkt, um bestimmte gesundheitliche Bedenken weiter zu untersuchen.<\/p>\n","protected":false},"featured_media":106237,"comment_status":"open","ping_status":"closed","template":"","meta":{"_acf_changed":false},"product_brand":[],"product_cat":[52],"product_tag":[],"class_list":{"0":"post-105362","1":"product","2":"type-product","3":"status-publish","4":"has-post-thumbnail","6":"product_cat-preventative-health-tests-de","8":"first","9":"instock","10":"taxable","11":"shipping-taxable","12":"purchasable","13":"product-type-simple"},"group_of_quantity":0,"min_quantity":10,"max_quantity":"","exclude_order_quantity_value_rules":"no","exclude_category_quantity_rules":"no","combine_variations":"no","acf":[],"_links":{"self":[{"href":"https:\/\/professionals.homediq.com\/de\/wp-json\/wp\/v2\/product\/105362","targetHints":{"allow":["GET"]}}],"collection":[{"href":"https:\/\/professionals.homediq.com\/de\/wp-json\/wp\/v2\/product"}],"about":[{"href":"https:\/\/professionals.homediq.com\/de\/wp-json\/wp\/v2\/types\/product"}],"replies":[{"embeddable":true,"href":"https:\/\/professionals.homediq.com\/de\/wp-json\/wp\/v2\/comments?post=105362"}],"wp:featuredmedia":[{"embeddable":true,"href":"https:\/\/professionals.homediq.com\/de\/wp-json\/wp\/v2\/media\/106237"}],"wp:attachment":[{"href":"https:\/\/professionals.homediq.com\/de\/wp-json\/wp\/v2\/media?parent=105362"}],"wp:term":[{"taxonomy":"product_brand","embeddable":true,"href":"https:\/\/professionals.homediq.com\/de\/wp-json\/wp\/v2\/product_brand?post=105362"},{"taxonomy":"product_cat","embeddable":true,"href":"https:\/\/professionals.homediq.com\/de\/wp-json\/wp\/v2\/product_cat?post=105362"},{"taxonomy":"product_tag","embeddable":true,"href":"https:\/\/professionals.homediq.com\/de\/wp-json\/wp\/v2\/product_tag?post=105362"}],"curies":[{"name":"wp","href":"https:\/\/api.w.org\/{rel}","templated":true}]}}