{"id":105361,"date":"2024-02-20T15:10:45","date_gmt":"2024-02-20T15:10:45","guid":{"rendered":"https:\/\/professionals.homediq.com\/product\/testosteron-test\/"},"modified":"2025-03-21T17:18:26","modified_gmt":"2025-03-21T17:18:26","slug":"testosteron-test","status":"publish","type":"product","link":"https:\/\/professionals.homediq.com\/de\/Produkt\/testosteron-test\/","title":{"rendered":"Testosteron Test"},"content":{"rendered":"","protected":false},"excerpt":{"rendered":"<p>Sind Ihnen Symptome wie Abnahme von Muskelmasse, ein nachlassender Libido, verst\u00e4rkte M\u00fcdigkeit und Konzentrationsschw\u00e4che aufgefallen? Dieser Test misst den Gesamttestosteronspiegel in Ihrem Blut und kann von M\u00e4nnern und Frauen verwendet werden. Hormone, wie zum Beispiel Testosteron, beeinflussen so gut wie alle unsere K\u00f6rpersysteme, ein Mangel oder Ungleichgewicht kann somit eine Vielzahl von Symptomen versuchen. Die Ergebnisse dieses Tests k\u00f6nnen \u00fcber hormonelle M\u00e4ngel oder Ungleichgewichte Aufschluss geben und Klarheit \u00fcber unspezifische Symptome bringen.<\/p>\n","protected":false},"featured_media":106231,"comment_status":"open","ping_status":"closed","template":"","meta":{"_acf_changed":false},"product_brand":[],"product_cat":[51],"product_tag":[],"class_list":{"0":"post-105361","1":"product","2":"type-product","3":"status-publish","4":"has-post-thumbnail","6":"product_cat-sport-health-tests-de","8":"first","9":"instock","10":"taxable","11":"shipping-taxable","12":"purchasable","13":"product-type-simple"},"group_of_quantity":0,"min_quantity":10,"max_quantity":"","exclude_order_quantity_value_rules":"no","exclude_category_quantity_rules":"no","combine_variations":"no","acf":[],"_links":{"self":[{"href":"https:\/\/professionals.homediq.com\/de\/wp-json\/wp\/v2\/product\/105361","targetHints":{"allow":["GET"]}}],"collection":[{"href":"https:\/\/professionals.homediq.com\/de\/wp-json\/wp\/v2\/product"}],"about":[{"href":"https:\/\/professionals.homediq.com\/de\/wp-json\/wp\/v2\/types\/product"}],"replies":[{"embeddable":true,"href":"https:\/\/professionals.homediq.com\/de\/wp-json\/wp\/v2\/comments?post=105361"}],"wp:featuredmedia":[{"embeddable":true,"href":"https:\/\/professionals.homediq.com\/de\/wp-json\/wp\/v2\/media\/106231"}],"wp:attachment":[{"href":"https:\/\/professionals.homediq.com\/de\/wp-json\/wp\/v2\/media?parent=105361"}],"wp:term":[{"taxonomy":"product_brand","embeddable":true,"href":"https:\/\/professionals.homediq.com\/de\/wp-json\/wp\/v2\/product_brand?post=105361"},{"taxonomy":"product_cat","embeddable":true,"href":"https:\/\/professionals.homediq.com\/de\/wp-json\/wp\/v2\/product_cat?post=105361"},{"taxonomy":"product_tag","embeddable":true,"href":"https:\/\/professionals.homediq.com\/de\/wp-json\/wp\/v2\/product_tag?post=105361"}],"curies":[{"name":"wp","href":"https:\/\/api.w.org\/{rel}","templated":true}]}}