{"id":105319,"date":"2024-01-15T08:47:14","date_gmt":"2024-01-15T08:47:14","guid":{"rendered":"https:\/\/professionals.homediq.com\/melden-sie-sich-an\/"},"modified":"2024-06-06T09:24:43","modified_gmt":"2024-06-06T09:24:43","slug":"melden-sie-sich-an","status":"publish","type":"page","link":"https:\/\/professionals.homediq.com\/de\/melden-sie-sich-an\/","title":{"rendered":"Melden Sie sich an"},"content":{"rendered":"\t\t<div data-elementor-type=\"wp-page\" data-elementor-id=\"105319\" class=\"elementor elementor-105319 elementor-70\" data-elementor-post-type=\"page\">\n\t\t\t\t<div class=\"elementor-element elementor-element-8652e51 e-flex e-con-boxed e-con e-parent\" data-id=\"8652e51\" data-element_type=\"container\" data-e-type=\"container\" data-settings=\"{&quot;background_background&quot;:&quot;classic&quot;}\">\n\t\t\t\t\t<div class=\"e-con-inner\">\n\t\t<div class=\"elementor-element elementor-element-707c8d9 e-flex e-con-boxed e-con e-child\" data-id=\"707c8d9\" data-element_type=\"container\" data-e-type=\"container\">\n\t\t\t\t\t<div class=\"e-con-inner\">\n\t\t<div class=\"elementor-element elementor-element-8669f04 e-con-full e-flex e-con e-child\" data-id=\"8669f04\" data-element_type=\"container\" data-e-type=\"container\" data-settings=\"{&quot;background_background&quot;:&quot;classic&quot;}\">\n\t\t\t\t<div class=\"elementor-element elementor-element-a3a4aa0 elementor-widget elementor-widget-template\" data-id=\"a3a4aa0\" data-element_type=\"widget\" data-e-type=\"widget\" data-widget_type=\"template.default\">\n\t\t\t\t<div class=\"elementor-widget-container\">\n\t\t\t\t\t\t\t<div class=\"elementor-template\">\n\t\t\t\t\t<div data-elementor-type=\"section\" data-elementor-id=\"105724\" class=\"elementor elementor-105724 elementor-287 elementor-287\" data-elementor-post-type=\"elementor_library\">\n\t\t\t<div class=\"elementor-element elementor-element-26b33af e-flex e-con-boxed e-con e-parent\" data-id=\"26b33af\" data-element_type=\"container\" data-e-type=\"container\" data-settings=\"{&quot;background_background&quot;:&quot;classic&quot;}\">\n\t\t\t\t\t<div class=\"e-con-inner\">\n\t\t\t\t<div class=\"elementor-element elementor-element-9497dfb elementor-widget elementor-widget-heading\" data-id=\"9497dfb\" data-element_type=\"widget\" data-e-type=\"widget\" data-widget_type=\"heading.default\">\n\t\t\t\t<div class=\"elementor-widget-container\">\n\t\t\t\t\t<h2 class=\"elementor-heading-title elementor-size-default\">Wie ist der Ablauf?<\/h2>\t\t\t\t<\/div>\n\t\t\t\t<\/div>\n\t\t\t\t<div class=\"elementor-element elementor-element-43db49e elementor-widget elementor-widget-text-editor\" data-id=\"43db49e\" data-element_type=\"widget\" data-e-type=\"widget\" data-widget_type=\"text-editor.default\">\n\t\t\t\t<div class=\"elementor-widget-container\">\n\t\t\t\t\t\t\t\t\t<p>Homed-IQ bietet Unternehmen eine Testl\u00f6sung aus einer Quelle, einschlie\u00dflich der Bereitstellung von Testkits, Logistik, Auswertung der Ergebnisse und Kundenbetreuung.<\/p>\n<p>\u00dcberlassen Sie uns den gesamten Selbsttestprozess, w\u00e4hrend Sie sich auf Ihr Gesch\u00e4ft konzentrieren. Registrieren Sie sich einfach als Unternehmen, um Zugang zu unserem Gro\u00dfhandelsangebot zu erhalten.<\/p>\n\t\t\t\t\t\t\t\t<\/div>\n\t\t\t\t<\/div>\n\t\t\t\t\t<\/div>\n\t\t\t\t<\/div>\n\t\t<div class=\"elementor-element elementor-element-508fab8 e-con-full e-flex e-con e-parent\" data-id=\"508fab8\" data-element_type=\"container\" data-e-type=\"container\" data-settings=\"{&quot;background_background&quot;:&quot;classic&quot;}\">\n\t\t<div class=\"elementor-element elementor-element-dc12f2b e-con-full e-flex e-con e-child\" data-id=\"dc12f2b\" data-element_type=\"container\" data-e-type=\"container\" data-settings=\"{&quot;background_background&quot;:&quot;classic&quot;}\">\n\t\t<div class=\"elementor-element elementor-element-aba1a24 e-flex e-con-boxed e-con e-child\" data-id=\"aba1a24\" data-element_type=\"container\" data-e-type=\"container\" data-settings=\"{&quot;background_background&quot;:&quot;classic&quot;}\">\n\t\t\t\t\t<div class=\"e-con-inner\">\n\t\t\t\t<div class=\"elementor-element elementor-element-67d1aa2 elementor-widget elementor-widget-image\" data-id=\"67d1aa2\" data-element_type=\"widget\" data-e-type=\"widget\" data-widget_type=\"image.default\">\n\t\t\t\t<div class=\"elementor-widget-container\">\n\t\t\t\t\t\t\t\t\t\t\t\t\t\t\t<img fetchpriority=\"high\" decoding=\"async\" width=\"413\" height=\"413\" src=\"https:\/\/professionals.homediq.com\/wp-content\/uploads\/2024\/01\/17.png\" class=\"attachment-full size-full wp-image-105704\" alt=\"\" srcset=\"https:\/\/professionals.homediq.com\/wp-content\/uploads\/2024\/01\/17.png 413w, https:\/\/professionals.homediq.com\/wp-content\/uploads\/2024\/01\/17-300x300.png 300w, https:\/\/professionals.homediq.com\/wp-content\/uploads\/2024\/01\/17-150x150.png 150w, https:\/\/professionals.homediq.com\/wp-content\/uploads\/2024\/01\/17-100x100.png 100w\" sizes=\"(max-width: 413px) 100vw, 413px\" \/>\t\t\t\t\t\t\t\t\t\t\t\t\t\t\t<\/div>\n\t\t\t\t<\/div>\n\t\t<div class=\"elementor-element elementor-element-da588e3 e-flex e-con-boxed e-con e-child\" data-id=\"da588e3\" data-element_type=\"container\" data-e-type=\"container\">\n\t\t\t\t\t<div class=\"e-con-inner\">\n\t\t\t\t<div class=\"elementor-element elementor-element-bc4686d elementor-widget elementor-widget-heading\" data-id=\"bc4686d\" data-element_type=\"widget\" data-e-type=\"widget\" data-widget_type=\"heading.default\">\n\t\t\t\t<div class=\"elementor-widget-container\">\n\t\t\t\t\t<p class=\"elementor-heading-title elementor-size-default\">Schritt 1<\/p>\t\t\t\t<\/div>\n\t\t\t\t<\/div>\n\t\t<div class=\"elementor-element elementor-element-b48df4f e-flex e-con-boxed e-con e-child\" data-id=\"b48df4f\" data-element_type=\"container\" data-e-type=\"container\">\n\t\t\t\t\t<div class=\"e-con-inner\">\n\t\t\t\t<div class=\"elementor-element elementor-element-625914d elementor-widget elementor-widget-heading\" data-id=\"625914d\" data-element_type=\"widget\" data-e-type=\"widget\" data-widget_type=\"heading.default\">\n\t\t\t\t<div class=\"elementor-widget-container\">\n\t\t\t\t\t<h2 class=\"elementor-heading-title elementor-size-default\"><b><span id=\"docs-internal-guid-211fc485-7fff-16af-3077-2ecb88e7253c\" style=\"text-align: start\"><span style=\"font-size: 12pt;vertical-align: baseline\">Online-Registrierung<\/span><\/span> <br><\/b><span id=\"docs-internal-guid-3871cdae-7fff-2ab8-a918-984562fbb3d4\" style=\"text-align: start;font-weight: normal\"><span style=\"font-size: 12pt;vertical-align: baseline\">Nachdem Ihr Konto genehmigt wurde, k\u00f6nnen Sie eine Bestellung aufgeben.<\/span><\/span><\/h2>\t\t\t\t<\/div>\n\t\t\t\t<\/div>\n\t\t\t\t\t<\/div>\n\t\t\t\t<\/div>\n\t\t\t\t\t<\/div>\n\t\t\t\t<\/div>\n\t\t\t\t\t<\/div>\n\t\t\t\t<\/div>\n\t\t<div class=\"elementor-element elementor-element-c5edcf7 e-flex e-con-boxed e-con e-child\" data-id=\"c5edcf7\" data-element_type=\"container\" data-e-type=\"container\" data-settings=\"{&quot;background_background&quot;:&quot;classic&quot;}\">\n\t\t\t\t\t<div class=\"e-con-inner\">\n\t\t\t\t<div class=\"elementor-element elementor-element-bcb53db elementor-widget elementor-widget-image\" data-id=\"bcb53db\" data-element_type=\"widget\" data-e-type=\"widget\" data-widget_type=\"image.default\">\n\t\t\t\t<div class=\"elementor-widget-container\">\n\t\t\t\t\t\t\t\t\t\t\t\t\t\t\t<img decoding=\"async\" width=\"413\" height=\"413\" src=\"https:\/\/professionals.homediq.com\/wp-content\/uploads\/2024\/01\/Icons-HMQ.png\" class=\"attachment-full size-full wp-image-105713\" alt=\"\" srcset=\"https:\/\/professionals.homediq.com\/wp-content\/uploads\/2024\/01\/Icons-HMQ.png 413w, https:\/\/professionals.homediq.com\/wp-content\/uploads\/2024\/01\/Icons-HMQ-300x300.png 300w, https:\/\/professionals.homediq.com\/wp-content\/uploads\/2024\/01\/Icons-HMQ-150x150.png 150w, https:\/\/professionals.homediq.com\/wp-content\/uploads\/2024\/01\/Icons-HMQ-100x100.png 100w\" sizes=\"(max-width: 413px) 100vw, 413px\" \/>\t\t\t\t\t\t\t\t\t\t\t\t\t\t\t<\/div>\n\t\t\t\t<\/div>\n\t\t<div class=\"elementor-element elementor-element-303210b e-flex e-con-boxed e-con e-child\" data-id=\"303210b\" data-element_type=\"container\" data-e-type=\"container\">\n\t\t\t\t\t<div class=\"e-con-inner\">\n\t\t<div class=\"elementor-element elementor-element-ecb124b e-flex e-con-boxed e-con e-child\" data-id=\"ecb124b\" data-element_type=\"container\" data-e-type=\"container\">\n\t\t\t\t\t<div class=\"e-con-inner\">\n\t\t\t\t<div class=\"elementor-element elementor-element-4db398e elementor-widget elementor-widget-heading\" data-id=\"4db398e\" data-element_type=\"widget\" data-e-type=\"widget\" data-widget_type=\"heading.default\">\n\t\t\t\t<div class=\"elementor-widget-container\">\n\t\t\t\t\t<p class=\"elementor-heading-title elementor-size-default\">Schritt 2<\/p>\t\t\t\t<\/div>\n\t\t\t\t<\/div>\n\t\t\t\t<div class=\"elementor-element elementor-element-c54c33f elementor-widget elementor-widget-heading\" data-id=\"c54c33f\" data-element_type=\"widget\" data-e-type=\"widget\" data-widget_type=\"heading.default\">\n\t\t\t\t<div class=\"elementor-widget-container\">\n\t\t\t\t\t<h2 class=\"elementor-heading-title elementor-size-default\"><b><span id=\"docs-internal-guid-0760e9a5-7fff-445f-c4be-ffede6e7e014\" style=\"text-align: start\"><span style=\"font-size: 12pt;vertical-align: baseline\">Bestellung aufgeben<\/span><\/span> <br><\/b><span id=\"docs-internal-guid-8998fc3e-7fff-7953-5215-aaf3a8cd582d\" style=\"text-align: start;font-weight: normal\"><span style=\"font-size: 12pt;vertical-align: baseline\">Sie k\u00f6nnen davon ausgehen, dass Sie die Produkte innerhalb von zwei Wochen erhalten.<\/span><\/span><\/h2>\t\t\t\t<\/div>\n\t\t\t\t<\/div>\n\t\t\t\t\t<\/div>\n\t\t\t\t<\/div>\n\t\t\t\t\t<\/div>\n\t\t\t\t<\/div>\n\t\t\t\t\t<\/div>\n\t\t\t\t<\/div>\n\t\t<div class=\"elementor-element elementor-element-6f820d0 e-flex e-con-boxed e-con e-child\" data-id=\"6f820d0\" data-element_type=\"container\" data-e-type=\"container\" data-settings=\"{&quot;background_background&quot;:&quot;classic&quot;}\">\n\t\t\t\t\t<div class=\"e-con-inner\">\n\t\t\t\t<div class=\"elementor-element elementor-element-e9a676d elementor-widget elementor-widget-image\" data-id=\"e9a676d\" data-element_type=\"widget\" data-e-type=\"widget\" data-widget_type=\"image.default\">\n\t\t\t\t<div class=\"elementor-widget-container\">\n\t\t\t\t\t\t\t\t\t\t\t\t\t\t\t<img decoding=\"async\" width=\"413\" height=\"413\" src=\"https:\/\/professionals.homediq.com\/wp-content\/uploads\/2024\/01\/18.png\" class=\"attachment-full size-full wp-image-105710\" alt=\"\" srcset=\"https:\/\/professionals.homediq.com\/wp-content\/uploads\/2024\/01\/18.png 413w, https:\/\/professionals.homediq.com\/wp-content\/uploads\/2024\/01\/18-300x300.png 300w, https:\/\/professionals.homediq.com\/wp-content\/uploads\/2024\/01\/18-150x150.png 150w, https:\/\/professionals.homediq.com\/wp-content\/uploads\/2024\/01\/18-100x100.png 100w\" sizes=\"(max-width: 413px) 100vw, 413px\" \/>\t\t\t\t\t\t\t\t\t\t\t\t\t\t\t<\/div>\n\t\t\t\t<\/div>\n\t\t<div class=\"elementor-element elementor-element-a759adf e-flex e-con-boxed e-con e-child\" data-id=\"a759adf\" data-element_type=\"container\" data-e-type=\"container\">\n\t\t\t\t\t<div class=\"e-con-inner\">\n\t\t<div class=\"elementor-element elementor-element-d643288 e-flex e-con-boxed e-con e-child\" data-id=\"d643288\" data-element_type=\"container\" data-e-type=\"container\">\n\t\t\t\t\t<div class=\"e-con-inner\">\n\t\t<div class=\"elementor-element elementor-element-90582bc e-flex e-con-boxed e-con e-child\" data-id=\"90582bc\" data-element_type=\"container\" data-e-type=\"container\">\n\t\t\t\t\t<div class=\"e-con-inner\">\n\t\t\t\t<div class=\"elementor-element elementor-element-68e3808 elementor-widget elementor-widget-heading\" data-id=\"68e3808\" data-element_type=\"widget\" data-e-type=\"widget\" data-widget_type=\"heading.default\">\n\t\t\t\t<div class=\"elementor-widget-container\">\n\t\t\t\t\t<p class=\"elementor-heading-title elementor-size-default\">Schritt 3<\/p>\t\t\t\t<\/div>\n\t\t\t\t<\/div>\n\t\t\t\t<div class=\"elementor-element elementor-element-83d73df elementor-widget elementor-widget-heading\" data-id=\"83d73df\" data-element_type=\"widget\" data-e-type=\"widget\" data-widget_type=\"heading.default\">\n\t\t\t\t<div class=\"elementor-widget-container\">\n\t\t\t\t\t<h2 class=\"elementor-heading-title elementor-size-default\"><b><span id=\"docs-internal-guid-ba473194-7fff-8e20-cec0-9e743137a9a9\" style=\"text-align: start\"><span style=\"font-size: 12pt;vertical-align: baseline\"><\/span>Produkte vertreiben<br><\/span><span id=\"docs-internal-guid-0580cecc-7fff-a2c9-37fb-4595f0a8545f\" style=\"text-align: start;font-weight: normal\"><span style=\"font-size: 12pt;vertical-align: baseline\">Homed-IQ-Selbsttests k\u00f6nnen im E-Commerce, im Einzelhandel, in Gesundheitspraxen und in der Gesundheitsforschung eingesetzt werden.<\/span><\/span><\/b><\/h2>\t\t\t\t<\/div>\n\t\t\t\t<\/div>\n\t\t\t\t\t<\/div>\n\t\t\t\t<\/div>\n\t\t\t\t\t<\/div>\n\t\t\t\t<\/div>\n\t\t\t\t\t<\/div>\n\t\t\t\t<\/div>\n\t\t\t\t\t<\/div>\n\t\t\t\t<\/div>\n\t\t\t\t<\/div>\n\t\t\t\t<\/div>\n\t\t\t\t<\/div>\n\t\t\t\t<\/div>\n\t\t\t\t\t\t<\/div>\n\t\t\t\t<\/div>\n\t\t\t\t<\/div>\n\t\t\t\t\t<\/div>\n\t\t\t\t<\/div>\n\t\t\t\t\t<\/div>\n\t\t\t\t<\/div>\n\t\t<div class=\"elementor-element elementor-element-55e6d9e e-flex e-con-boxed e-con e-parent\" data-id=\"55e6d9e\" data-element_type=\"container\" data-e-type=\"container\">\n\t\t\t\t\t<div class=\"e-con-inner\">\n\t\t<div class=\"elementor-element elementor-element-5d0afd5 e-con-full e-flex e-con e-child\" data-id=\"5d0afd5\" data-element_type=\"container\" data-e-type=\"container\" data-settings=\"{&quot;background_background&quot;:&quot;classic&quot;}\">\n\t\t\t\t<div class=\"elementor-element elementor-element-72ed544 elementor-widget elementor-widget-heading\" data-id=\"72ed544\" data-element_type=\"widget\" data-e-type=\"widget\" data-widget_type=\"heading.default\">\n\t\t\t\t<div class=\"elementor-widget-container\">\n\t\t\t\t\t<h3 class=\"elementor-heading-title elementor-size-default\">Erstelle Deinen Account<\/h3>\t\t\t\t<\/div>\n\t\t\t\t<\/div>\n\t\t\t\t<div class=\"elementor-element elementor-element-180d857 elementor-icon-list--layout-traditional elementor-list-item-link-full_width elementor-widget elementor-widget-icon-list\" data-id=\"180d857\" data-element_type=\"widget\" data-e-type=\"widget\" data-widget_type=\"icon-list.default\">\n\t\t\t\t<div class=\"elementor-widget-container\">\n\t\t\t\t\t\t\t<ul class=\"elementor-icon-list-items\">\n\t\t\t\t\t\t\t<li class=\"elementor-icon-list-item\">\n\t\t\t\t\t\t\t\t\t\t\t<span class=\"elementor-icon-list-icon\">\n\t\t\t\t\t\t\t<svg aria-hidden=\"true\" class=\"e-font-icon-svg e-fas-check\" viewBox=\"0 0 512 512\" xmlns=\"http:\/\/www.w3.org\/2000\/svg\"><path d=\"M173.898 439.404l-166.4-166.4c-9.997-9.997-9.997-26.206 0-36.204l36.203-36.204c9.997-9.998 26.207-9.998 36.204 0L192 312.69 432.095 72.596c9.997-9.997 26.207-9.997 36.204 0l36.203 36.204c9.997 9.997 9.997 26.206 0 36.204l-294.4 294.401c-9.998 9.997-26.207 9.997-36.204-.001z\"><\/path><\/svg>\t\t\t\t\t\t<\/span>\n\t\t\t\t\t\t\t\t\t\t<span class=\"elementor-icon-list-text\">End-to-End-Diagnosikservice<\/span>\n\t\t\t\t\t\t\t\t\t<\/li>\n\t\t\t\t\t\t\t\t<li class=\"elementor-icon-list-item\">\n\t\t\t\t\t\t\t\t\t\t\t<span class=\"elementor-icon-list-icon\">\n\t\t\t\t\t\t\t<svg aria-hidden=\"true\" class=\"e-font-icon-svg e-fas-check\" viewBox=\"0 0 512 512\" xmlns=\"http:\/\/www.w3.org\/2000\/svg\"><path d=\"M173.898 439.404l-166.4-166.4c-9.997-9.997-9.997-26.206 0-36.204l36.203-36.204c9.997-9.998 26.207-9.998 36.204 0L192 312.69 432.095 72.596c9.997-9.997 26.207-9.997 36.204 0l36.203 36.204c9.997 9.997 9.997 26.206 0 36.204l-294.4 294.401c-9.998 9.997-26.207 9.997-36.204-.001z\"><\/path><\/svg>\t\t\t\t\t\t<\/span>\n\t\t\t\t\t\t\t\t\t\t<span class=\"elementor-icon-list-text\">Hohe Kundenzufriedenheit \u2013 hochwertiges Produkt und Service \u2013 Trustpilot<\/span>\n\t\t\t\t\t\t\t\t\t<\/li>\n\t\t\t\t\t\t\t\t<li class=\"elementor-icon-list-item\">\n\t\t\t\t\t\t\t\t\t\t\t<span class=\"elementor-icon-list-icon\">\n\t\t\t\t\t\t\t<svg aria-hidden=\"true\" class=\"e-font-icon-svg e-fas-check\" viewBox=\"0 0 512 512\" xmlns=\"http:\/\/www.w3.org\/2000\/svg\"><path d=\"M173.898 439.404l-166.4-166.4c-9.997-9.997-9.997-26.206 0-36.204l36.203-36.204c9.997-9.998 26.207-9.998 36.204 0L192 312.69 432.095 72.596c9.997-9.997 26.207-9.997 36.204 0l36.203 36.204c9.997 9.997 9.997 26.206 0 36.204l-294.4 294.401c-9.998 9.997-26.207 9.997-36.204-.001z\"><\/path><\/svg>\t\t\t\t\t\t<\/span>\n\t\t\t\t\t\t\t\t\t\t<span class=\"elementor-icon-list-text\">Diversifizieren Sie Ihr Portfolio \u2013 Erh\u00f6hen Sie den CLV, indem Sie unsere Tests als erg\u00e4nzende Produkte zu Ihrem Produktprofil hinzuf\u00fcgen<\/span>\n\t\t\t\t\t\t\t\t\t<\/li>\n\t\t\t\t\t\t\t\t<li class=\"elementor-icon-list-item\">\n\t\t\t\t\t\t\t\t\t\t\t<span class=\"elementor-icon-list-icon\">\n\t\t\t\t\t\t\t<svg aria-hidden=\"true\" class=\"e-font-icon-svg e-fas-check\" viewBox=\"0 0 512 512\" xmlns=\"http:\/\/www.w3.org\/2000\/svg\"><path d=\"M173.898 439.404l-166.4-166.4c-9.997-9.997-9.997-26.206 0-36.204l36.203-36.204c9.997-9.998 26.207-9.998 36.204 0L192 312.69 432.095 72.596c9.997-9.997 26.207-9.997 36.204 0l36.203 36.204c9.997 9.997 9.997 26.206 0 36.204l-294.4 294.401c-9.998 9.997-26.207 9.997-36.204-.001z\"><\/path><\/svg>\t\t\t\t\t\t<\/span>\n\t\t\t\t\t\t\t\t\t\t<span class=\"elementor-icon-list-text\">Zuverl\u00e4ssige und genaue Ergebnisse<\/span>\n\t\t\t\t\t\t\t\t\t<\/li>\n\t\t\t\t\t\t\t\t<li class=\"elementor-icon-list-item\">\n\t\t\t\t\t\t\t\t\t\t\t<span class=\"elementor-icon-list-icon\">\n\t\t\t\t\t\t\t<svg aria-hidden=\"true\" class=\"e-font-icon-svg e-fas-check\" viewBox=\"0 0 512 512\" xmlns=\"http:\/\/www.w3.org\/2000\/svg\"><path d=\"M173.898 439.404l-166.4-166.4c-9.997-9.997-9.997-26.206 0-36.204l36.203-36.204c9.997-9.998 26.207-9.998 36.204 0L192 312.69 432.095 72.596c9.997-9.997 26.207-9.997 36.204 0l36.203 36.204c9.997 9.997 9.997 26.206 0 36.204l-294.4 294.401c-9.998 9.997-26.207 9.997-36.204-.001z\"><\/path><\/svg>\t\t\t\t\t\t<\/span>\n\t\t\t\t\t\t\t\t\t\t<span class=\"elementor-icon-list-text\">Schnell und einfach anzuwenden<\/span>\n\t\t\t\t\t\t\t\t\t<\/li>\n\t\t\t\t\t\t<\/ul>\n\t\t\t\t\t\t<\/div>\n\t\t\t\t<\/div>\n\t\t\t\t<div class=\"elementor-element elementor-element-2031239 elementor-widget elementor-widget-heading\" data-id=\"2031239\" data-element_type=\"widget\" data-e-type=\"widget\" data-widget_type=\"heading.default\">\n\t\t\t\t<div class=\"elementor-widget-container\">\n\t\t\t\t\t<span class=\"elementor-heading-title elementor-size-default\">Hast Du Fragen?<\/span>\t\t\t\t<\/div>\n\t\t\t\t<\/div>\n\t\t\t\t<div class=\"elementor-element elementor-element-9daea6c elementor-widget elementor-widget-button\" data-id=\"9daea6c\" data-element_type=\"widget\" data-e-type=\"widget\" data-widget_type=\"button.default\">\n\t\t\t\t<div class=\"elementor-widget-container\">\n\t\t\t\t\t\t\t\t\t<div class=\"elementor-button-wrapper\">\n\t\t\t\t\t<a class=\"elementor-button elementor-button-link elementor-size-sm\" href=\"https:\/\/professionals.homediq.com\/de\/kontakt-aufnehmen\/\">\n\t\t\t\t\t\t<span class=\"elementor-button-content-wrapper\">\n\t\t\t\t\t\t\t\t\t<span class=\"elementor-button-text\">Kontaktiere den Vertrieb<\/span>\n\t\t\t\t\t<\/span>\n\t\t\t\t\t<\/a>\n\t\t\t\t<\/div>\n\t\t\t\t\t\t\t\t<\/div>\n\t\t\t\t<\/div>\n\t\t\t\t<\/div>\n\t\t<div class=\"elementor-element elementor-element-1f92bb2 e-con-full e-flex e-con e-child\" data-id=\"1f92bb2\" data-element_type=\"container\" data-e-type=\"container\">\n\t\t\t\t<div class=\"elementor-element elementor-element-b8c0f88 elementor-widget elementor-widget-shortcode\" data-id=\"b8c0f88\" data-element_type=\"widget\" data-e-type=\"widget\" data-widget_type=\"shortcode.default\">\n\t\t\t\t<div class=\"elementor-widget-container\">\n\t\t\t\t\t\t\t<div class=\"elementor-shortcode\">        <form enctype=\"multipart\/form-data\" method=\"post\" id=\"wppb-register-user-registration-form\" class=\"wppb-user-forms wppb-register-user wppb-user-logged-out\" action=\"https:\/\/professionals.homediq.com\/de\/wp-json\/wp\/v2\/pages\/105319\">\n\t\t\t<ul><li class=\"wppb-form-field wppb-default-first-name wppb-required\" id=\"wppb-form-element-3\">\n\t\t\t<label for=\"first_name\">First Name<span class=\"wppb-required\" title=\"Dieses Feld ist erforderlich\">*<\/span><\/label>\n\t\t\t<input class=\"text-input default_field_firstname \" name=\"first_name\" maxlength=\"70\" type=\"text\" id=\"first_name\" value=\"\"  \/><\/li><li class=\"wppb-form-field wppb-default-last-name wppb-required\" id=\"wppb-form-element-4\">\n\t\t\t<label for=\"last_name\">Last Name<span class=\"wppb-required\" title=\"Dieses Feld ist erforderlich\">*<\/span><\/label>\n\t\t\t<input class=\"text-input default_field_lastname \" name=\"last_name\" maxlength=\"70\" type=\"text\" id=\"last_name\" value=\"\" \/><\/li><li class=\"wppb-form-field wppb-default-e-mail wppb-required\" id=\"wppb-form-element-8\">\n\t\t\t<label for=\"email\">E-mail<span class=\"wppb-required\" title=\"Dieses Feld ist erforderlich\">*<\/span><\/label>\n\t\t\t<input class=\"text-input default_field_email \" name=\"email\" maxlength=\"70\" type=\"email\" id=\"email\" value=\"\"   \/><\/li><li class=\"wppb-form-field wppb-default-password wppb-required\" id=\"wppb-form-element-12\">\n\t\t\t<label for=\"passw1\">Password<span class=\"wppb-required\" title=\"Dieses Feld ist erforderlich\">*<\/span><\/label>\n            <span class=\"wppb-password-field-container\">\n\t\t\t    <input class=\"text-input \" name=\"passw1\" maxlength=\"70\" type=\"password\" id=\"passw1\" value=\"\" autocomplete=\"off\" \/>\n\t\t\t     <!-- add the HTML for the visibility toggle -->\n\t\t\t<\/span><span class=\"wppb-description-delimiter\">Mindestl\u00e4nge von 10 Zeichen. <br>Das Passwort muss eine Mindestst\u00e4rke von Stark haben<\/span><span id=\"pass-strength-result\">St\u00e4rkeanzeige<\/span>\n        <input type=\"hidden\" value=\"\" name=\"wppb_password_strength\" id=\"wppb_password_strength\"\/><\/li><li class=\"wppb-form-field wppb-default-repeat-password wppb-required\" id=\"wppb-form-element-13\">\n\t\t\t<label for=\"passw2\">Repeat Password<span class=\"wppb-required\" title=\"Dieses Feld ist erforderlich\">*<\/span><\/label>\n\t\t\t<span class=\"wppb-password-field-container\">\n\t\t\t    <input class=\"text-input \" name=\"passw2\" maxlength=\"70\" type=\"password\" id=\"passw2\" value=\"\" autocomplete=\"off\" \/>\n\t\t\t     <!-- add the HTML for the visibility toggle -->\n\t\t\t<\/span><\/li><li class=\"wppb-form-field wppb-input wppb-required\" id=\"wppb-form-element-20\">\n\t\t\t\t<label for=\"billing_company\">Company Name<span class=\"wppb-required\" title=\"Dieses Feld ist erforderlich\">*<\/span><\/label>\n\t\t\t\t<input class=\"extra_field_input \" name=\"billing_company\" maxlength=\"250\" type=\"text\" id=\"billing_company\" value=\"\" \/><\/li><li class=\"wppb-form-field wppb-input wppb-required\" id=\"wppb-form-element-19\">\n\t\t\t\t<label for=\"billing_vat_number\">VAT No.<span class=\"wppb-required\" title=\"Dieses Feld ist erforderlich\">*<\/span><\/label>\n\t\t\t\t<input class=\"extra_field_input \" name=\"billing_vat_number\" maxlength=\"250\" type=\"text\" id=\"billing_vat_number\" value=\"\" \/><\/li><li class=\"wppb-form-field wppb-default-website wppb-required\" id=\"wppb-form-element-9\">\n\t\t\t<label for=\"website\">Website<span class=\"wppb-required\" title=\"Dieses Feld ist erforderlich\">*<\/span><\/label>\n\t\t\t<input class=\"text-input default_field_website \" name=\"website\" maxlength=\"70\" type=\"text\" id=\"website\" value=\"\" \/><\/li><li class=\"wppb-form-field wppb-textarea\" id=\"wppb-form-element-22\">\n\t\t\t\t<label for=\"application_reason\">Reason for application<\/label>\n\t\t\t\t<textarea rows=\"5\" name=\"application_reason\" maxlength=\"\" class=\"custom_field_textarea \" id=\"application_reason\" wrap=\"virtual\" ><\/textarea><\/li><\/ul><ul><\/ul><\/ul>\t\t\t<p class=\"form-submit\"  >\n\t\t\t\t                \t\t\t\t<input name=\"register\" type=\"submit\" id=\"register\" class=\"submit button\" value=\"Registrieren\" \/>\n                <input name=\"redirect_to\" type=\"hidden\" value=\"\" \/>\n                \t\t\t\t<input name=\"action\" type=\"hidden\" id=\"action\" value=\"register\" \/>\n\t\t\t\t<input name=\"form_name\" type=\"hidden\" id=\"form_name\" value=\"registration-form\" \/>\n\t\t\t\t<input name=\"form_id\" type=\"hidden\" id=\"form_id\" value=\"105224\" \/>\n\t\t\t\t<input type=\"hidden\" name=\"wppb_referer_url\" value=\"\"\/>\t\t\t<\/p><!-- .form-submit -->\n\t\t\t<input type=\"hidden\" id=\"register_registration-form_nonce_field\" name=\"register_registration-form_nonce_field\" value=\"b38740e726\" \/><input type=\"hidden\" name=\"_wp_http_referer\" value=\"\/de\/wp-json\/wp\/v2\/pages\/105319\" \/>\t\t<\/form>\n\t\t<\/div>\n\t\t\t\t\t\t<\/div>\n\t\t\t\t<\/div>\n\t\t\t\t<\/div>\n\t\t\t\t\t<\/div>\n\t\t\t\t<\/div>\n\t\t\t\t<\/div>\n\t\t","protected":false},"excerpt":{"rendered":"<p>Erstelle Deinen Account End-to-End-Diagnosikservice Hohe Kundenzufriedenheit \u2013 hochwertiges Produkt und Service \u2013 Trustpilot Diversifizieren Sie Ihr Portfolio \u2013 Erh\u00f6hen Sie den CLV, indem Sie unsere Tests als erg\u00e4nzende Produkte zu Ihrem Produktprofil hinzuf\u00fcgen Zuverl\u00e4ssige und genaue Ergebnisse Schnell und einfach anzuwenden Hast Du Fragen? Kontaktiere den Vertrieb<\/p>\n","protected":false},"author":2,"featured_media":0,"parent":0,"menu_order":0,"comment_status":"closed","ping_status":"closed","template":"elementor_header_footer","meta":{"_acf_changed":false,"footnotes":""},"class_list":["post-105319","page","type-page","status-publish","hentry"],"acf":[],"_links":{"self":[{"href":"https:\/\/professionals.homediq.com\/de\/wp-json\/wp\/v2\/pages\/105319","targetHints":{"allow":["GET"]}}],"collection":[{"href":"https:\/\/professionals.homediq.com\/de\/wp-json\/wp\/v2\/pages"}],"about":[{"href":"https:\/\/professionals.homediq.com\/de\/wp-json\/wp\/v2\/types\/page"}],"author":[{"embeddable":true,"href":"https:\/\/professionals.homediq.com\/de\/wp-json\/wp\/v2\/users\/2"}],"replies":[{"embeddable":true,"href":"https:\/\/professionals.homediq.com\/de\/wp-json\/wp\/v2\/comments?post=105319"}],"version-history":[{"count":10,"href":"https:\/\/professionals.homediq.com\/de\/wp-json\/wp\/v2\/pages\/105319\/revisions"}],"predecessor-version":[{"id":105782,"href":"https:\/\/professionals.homediq.com\/de\/wp-json\/wp\/v2\/pages\/105319\/revisions\/105782"}],"wp:attachment":[{"href":"https:\/\/professionals.homediq.com\/de\/wp-json\/wp\/v2\/media?parent=105319"}],"curies":[{"name":"wp","href":"https:\/\/api.w.org\/{rel}","templated":true}]}}